{"id":1001,"date":"2018-08-30T13:54:48","date_gmt":"2018-08-30T16:54:48","guid":{"rendered":"https:\/\/proartes-ers.infd.edu.ar\/sitio\/opcion-para-borrarse-de-mesas-de-examenes\/"},"modified":"2025-12-21T08:05:09","modified_gmt":"2025-12-21T11:05:09","slug":"opcion-para-borrarse-de-mesas-de-examenes","status":"publish","type":"page","link":"https:\/\/proartes-ers.infd.edu.ar\/sitio\/opcion-para-borrarse-de-mesas-de-examenes\/","title":{"rendered":"Re-Inscripci\u00f3n anual a los Prof. de Arte y M\u00fasica"},"content":{"rendered":"<div id=\"contenido_sitio\">\n<h3 style=\"text-align: center;\"><span style=\"color: #3366ff;\"><em><strong>Disponible desde\u00a0 04\/03\/20__ hasta 05\/03\/20__<\/strong><\/em><\/span><\/h3>\n<table width=\"546\">\n<tbody>\n<tr>\n<td width=\"546\">\n<h5>1.\u00a0 Se realiza en dos etapas: VIRTUAL y en la INSTITUCI\u00d3N<\/h5>\n<h5>2.\u00a0 Para la etapa en la instituci\u00f3n: con d\u00eda-horario para cada profesorado y cada curso<\/h5>\n<\/td>\n<\/tr>\n<\/tbody>\n<\/table>\n<table width=\"698\">\n<tbody>\n<tr>\n<td width=\"698\"><strong>ETAPA VIRTUAL<\/strong>: El alumno se reinscribe on line en la plataforma de la instituci\u00f3n, imprime la ficha de Inscripci\u00f3n, y concurre al Profesorado el d\u00eda y horario indicado en la tabla [ver tabla al pie]<\/p>\n<p><strong>ETAPA PRESENCIAL<\/strong>: Se confirma la inscripci\u00f3n y se abona la colaboraci\u00f3n <strong>anual [por \u00fanica vez] <\/strong>a la Asociaci\u00f3n Cooperadora.<\/td>\n<\/tr>\n<\/tbody>\n<\/table>\n<h2 style=\"text-align: center;\"><strong>Etapa VIRTUAL<\/strong><\/h2>\n<\/div>\n<div id=\"contenido_sitio\">\n<table width=\"111%\">\n<tbody>\n<tr>\n<td colspan=\"3\" width=\"49%\">\n<p style=\"text-align: center;\"><strong>Profesorado de Artes Visuales<\/strong><\/p>\n<\/td>\n<td colspan=\"3\" width=\"50%\">\n<p style=\"text-align: center;\"><strong>Profesorado de M\u00fasica<\/strong><\/p>\n<\/td>\n<\/tr>\n<tr>\n<td width=\"16%\">2\u00b0 A\u00d1O -&gt;Inscribirse<\/td>\n<td style=\"text-align: center;\" width=\"16%\">Link-A2<\/td>\n<td style=\"text-align: center;\" width=\"16%\">M.V.<\/td>\n<td width=\"16%\">2\u00b0 A\u00d1O\u00a0-&gt;Inscribirse<\/td>\n<td style=\"text-align: center;\" width=\"16%\">Link-M2<\/td>\n<td style=\"text-align: center;\" width=\"16%\">M.V.<\/td>\n<\/tr>\n<tr>\n<td width=\"16%\">3\u00b0 A\u00d1O\u00a0-&gt;Inscribirse<\/td>\n<td style=\"text-align: center;\" width=\"16%\">Link-A3<\/td>\n<td style=\"text-align: center;\" width=\"16%\">M.V.<\/td>\n<td width=\"16%\">3\u00b0 A\u00d1O\u00a0-&gt;Inscribirse<\/td>\n<td style=\"text-align: center;\" width=\"16%\">Link-M3<\/td>\n<td style=\"text-align: center;\" width=\"16%\">M.V.<\/td>\n<\/tr>\n<tr>\n<td width=\"16%\">4\u00b0 A\u00d1O\u00a0-&gt;Inscribirse<\/td>\n<td style=\"text-align: center;\" width=\"16%\">Link-A4<\/td>\n<td style=\"text-align: center;\" width=\"16%\">M.V.<\/td>\n<td width=\"16%\">4\u00b0 A\u00d1O\u00a0-&gt;Inscribirse<\/td>\n<td style=\"text-align: center;\" width=\"16%\">Link-M4<\/td>\n<td style=\"text-align: center;\" width=\"16%\">M.V.<\/td>\n<\/tr>\n<tr>\n<td width=\"16%\">1\u00b0 A\u00d1O -Readecuados y Recursantes<\/td>\n<td style=\"text-align: center;\" width=\"16%\">Link-A1<\/td>\n<td style=\"text-align: center;\" width=\"16%\">M.V.<\/td>\n<td width=\"16%\">1\u00b0 A\u00d1O -Readecuados y Recursantes<\/td>\n<td style=\"text-align: center;\" width=\"16%\">Link-M1<\/td>\n<td style=\"text-align: center;\" width=\"16%\">M.V.<\/td>\n<\/tr>\n<\/tbody>\n<\/table>\n<h2 style=\"text-align: center;\"><strong>Etapa PRESENCIAL<\/strong><\/h2>\n<div id=\"contenido_sitio\">\n<table width=\"111%\">\n<tbody>\n<tr>\n<td colspan=\"3\" width=\"49%\">\n<p style=\"text-align: center;\"><strong>Profesorado de Artes Visuales<\/strong><\/p>\n<\/td>\n<td colspan=\"3\" width=\"50%\">\n<p style=\"text-align: center;\"><strong>Profesorado de M\u00fasica<\/strong><\/p>\n<\/td>\n<\/tr>\n<tr>\n<td width=\"16%\">2\u00b0 A\u00d1O -&gt;Inscribirse<\/td>\n<td style=\"text-align: center;\" width=\"16%\"><span style=\"color: #3366ff;\">\u00a0<em>de Marzo<\/em><\/span><\/td>\n<td style=\"text-align: center;\" width=\"16%\">18.30 a 21.00<\/td>\n<td width=\"16%\">2\u00b0 A\u00d1O\u00a0-&gt;Inscribirse<\/td>\n<td style=\"text-align: center;\" width=\"16%\"><span style=\"color: #3366ff;\">\u00a0<em>de Marzo<\/em><\/span><\/td>\n<td style=\"text-align: center;\" width=\"16%\">18.30 a 21.00<\/td>\n<\/tr>\n<tr>\n<td width=\"16%\">3\u00b0 A\u00d1O\u00a0-&gt;Inscribirse<\/td>\n<td style=\"text-align: center;\" width=\"16%\"><span style=\"color: #0000ff;\"> <em>de Marzo<\/em><\/span><\/td>\n<td style=\"text-align: center;\" width=\"16%\">18.30 a 21.00<\/td>\n<td width=\"16%\">3\u00b0 A\u00d1O\u00a0-&gt;Inscribirse<\/td>\n<td style=\"text-align: center;\" width=\"16%\"><span style=\"color: #0000ff;\">\u00a0<em>de Marzo<\/em><\/span><\/td>\n<td style=\"text-align: center;\" width=\"16%\">18.30 a 21.00<\/td>\n<\/tr>\n<tr>\n<td width=\"16%\">4\u00b0 A\u00d1O\u00a0-&gt;Inscribirse<\/td>\n<td style=\"text-align: center;\" width=\"16%\"><span style=\"color: #000080;\">\u00a0<em>de Marzo<\/em><\/span><\/td>\n<td style=\"text-align: center;\" width=\"16%\">18.30 a 21.00<\/td>\n<td width=\"16%\">4\u00b0 A\u00d1O\u00a0-&gt;Inscribirse<\/td>\n<td style=\"text-align: center;\" width=\"16%\"><span style=\"color: #000080;\">\u00a0<em>de Marzo<\/em><\/span><\/td>\n<td style=\"text-align: center;\" width=\"16%\">18.30 a 21.00<\/td>\n<\/tr>\n<tr>\n<td width=\"16%\">1\u00b0 A\u00d1O\u00a0-&gt;Inscribirse<\/td>\n<td style=\"text-align: center;\" width=\"16%\"><span style=\"color: #000080;\">\u00a0<em>de Marzo<\/em><\/span><\/td>\n<td style=\"text-align: center;\" width=\"16%\">18.30 a 21.00<\/td>\n<td width=\"16%\">1\u00b0 A\u00d1O\u00a0-&gt;Inscribirse<\/td>\n<td style=\"text-align: center;\" width=\"16%\"><span style=\"color: #000080;\"> <em>de Marzo<\/em><\/span><\/td>\n<td style=\"text-align: center;\" width=\"16%\">18.30 a 21.00<\/td>\n<\/tr>\n<\/tbody>\n<\/table>\n<\/div>\n<p style=\"text-align: center;\"><span style=\"color: #ff0000;\"><strong>\u00a0<\/strong><strong>ATENCI\u00d3N: <\/strong><\/span><\/p>\n<p>-&gt; Alumnado en condici\u00f3n de inscribirse refiere a las personas que hayan aprobado y\/o regularizado todos los espacios curriculares, seg\u00fan lo previsto en el r\u00e9gimen de correlatividades del curso anterior.<\/p>\n<p>-&gt; Deben transcurrir 8 [ocho] llamados a mesa de examen para poder recursar [transcurrir dos a\u00f1os acad\u00e9micos], en aquellos casos que as\u00ed suceda<\/p>\n<p>-&gt; La persona puede optar por recursar o seguir rindiendo en condici\u00f3n de libre en mesa de examen final<\/p>\n<p>-&gt; Cada persona es responsable de su situaci\u00f3n acad\u00e9mica al momento de completar la ficha de inscripci\u00f3n. Es decir, conoce los espacios aprobados y registrados en su libreta de calificaciones<\/p>\n<p><strong><em>LINK DE LAS CORRELATIVIDADES\u00a0<\/em><\/strong><\/p>\n<p><span style=\"color: #00ff00;\"><span style=\"color: #3366ff;\">&#8212; <a href=\"https:\/\/proartes-ers.infd.edu.ar\/sitio\/wp-content\/uploads\/2024\/03\/Regimen-de-Correlatividades-Profesorado-de-Artes-Visuales.pdf\">CORRELATIVIDADES PROFESORADO EN ARTES VISUALES<\/a><\/span><\/span><\/p>\n<p><a href=\"https:\/\/proartes-ers.infd.edu.ar\/sitio\/wp-content\/uploads\/2023\/02\/CORRELATIVIDADES_2020_-_A_partir_de_cohorte_2020.pdf\"><span style=\"color: #00ff00;\"><span style=\"color: #3366ff;\">-&gt; CORRELATIVIDADES_2020_-_A_partir_de_cohorte_2020<\/span><\/span><\/a><\/p>\n<p><span style=\"color: #ff5500;\">&#8212; <a href=\"https:\/\/proartes-ers.infd.edu.ar\/sitio\/wp-content\/uploads\/2024\/03\/Regimen-de-Correlatividades-Profesorado_de_Muscia_con_Orientacion_en_Educacion_Musical.pdf\">CORRELATIVIDADES PROFESORADO EN M\u00daSICA<\/a><\/span><\/p>\n<p><span style=\"color: #ff5500;\"><a style=\"color: #ff5500;\" href=\"https:\/\/proartes-ers.infd.edu.ar\/sitio\/wp-content\/uploads\/2021\/03\/CORRELATIVIDADES_2020_-_A_partir_de_cohorte_2020-1.pdf\">-&gt; CORRELATIVIDADES_2020_-_A_partir_de_cohorte_2020 Prof.M\u00fasica<\/a><\/span><\/p>\n<\/div>\n","protected":false},"excerpt":{"rendered":"<p>Disponible desde\u00a0 04\/03\/20__ hasta 05\/03\/20__ 1.\u00a0 Se realiza en dos etapas: VIRTUAL y en la INSTITUCI\u00d3N 2.\u00a0 Para la etapa en la instituci\u00f3n: con d\u00eda-horario para cada profesorado y cada curso ETAPA VIRTUAL: El alumno se reinscribe on line en la plataforma de la instituci\u00f3n, imprime la ficha de Inscripci\u00f3n, y concurre al Profesorado el &#8230; <a title=\"Re-Inscripci\u00f3n anual a los Prof. de Arte y M\u00fasica\" class=\"read-more\" href=\"https:\/\/proartes-ers.infd.edu.ar\/sitio\/opcion-para-borrarse-de-mesas-de-examenes\/\" aria-label=\"More on Re-Inscripci\u00f3n anual a los Prof. de Arte y M\u00fasica\">[+]<\/a><\/p>\n","protected":false},"author":382,"featured_media":0,"parent":0,"menu_order":0,"comment_status":"closed","ping_status":"closed","template":"","meta":[],"acf":[],"_links":{"self":[{"href":"https:\/\/proartes-ers.infd.edu.ar\/sitio\/wp-json\/wp\/v2\/pages\/1001"}],"collection":[{"href":"https:\/\/proartes-ers.infd.edu.ar\/sitio\/wp-json\/wp\/v2\/pages"}],"about":[{"href":"https:\/\/proartes-ers.infd.edu.ar\/sitio\/wp-json\/wp\/v2\/types\/page"}],"author":[{"embeddable":true,"href":"https:\/\/proartes-ers.infd.edu.ar\/sitio\/wp-json\/wp\/v2\/users\/382"}],"replies":[{"embeddable":true,"href":"https:\/\/proartes-ers.infd.edu.ar\/sitio\/wp-json\/wp\/v2\/comments?post=1001"}],"version-history":[{"count":91,"href":"https:\/\/proartes-ers.infd.edu.ar\/sitio\/wp-json\/wp\/v2\/pages\/1001\/revisions"}],"predecessor-version":[{"id":4701,"href":"https:\/\/proartes-ers.infd.edu.ar\/sitio\/wp-json\/wp\/v2\/pages\/1001\/revisions\/4701"}],"wp:attachment":[{"href":"https:\/\/proartes-ers.infd.edu.ar\/sitio\/wp-json\/wp\/v2\/media?parent=1001"}],"curies":[{"name":"wp","href":"https:\/\/api.w.org\/{rel}","templated":true}]}}