{"id":1251,"date":"2019-06-13T17:56:01","date_gmt":"2019-06-13T20:56:01","guid":{"rendered":"https:\/\/proartes-ers.infd.edu.ar\/sitio\/?page_id=1251"},"modified":"2025-02-17T19:20:56","modified_gmt":"2025-02-17T22:20:56","slug":"inscripcion","status":"publish","type":"page","link":"https:\/\/proartes-ers.infd.edu.ar\/sitio\/inscripcion\/","title":{"rendered":"Mails de Contacto"},"content":{"rendered":"<h2><img decoding=\"async\" loading=\"lazy\" class=\"size-full wp-image-3247 alignleft\" src=\"https:\/\/proartes-ers.infd.edu.ar\/sitio\/wp-content\/uploads\/2021\/12\/Notas-Penta-2.jpg\" alt=\"\" width=\"257\" height=\"196\" \/><em> Mail&#8212;&gt;\u00a0 M\u00fasica <\/em><\/h2>\n<h2><em>preceptoriamusicaquiros@gmail.com<\/em><\/h2>\n<p><em>Atenci\u00f3n: Malvina ORO\u00d1O<\/em><\/p>\n<h2><em>\u00a0 \u00a0 \u00a0 \u00a0 \u00a0 <\/em><\/h2>\n<h2><\/h2>\n<h2><\/h2>\n<h2><em>Mail&#8211;&gt;\u00a0 Arte<img decoding=\"async\" loading=\"lazy\" class=\"wp-image-1354  alignleft\" src=\"https:\/\/proartes-ers.infd.edu.ar\/sitio\/wp-content\/uploads\/2019\/11\/IMG_7245-500x500.jpg\" alt=\"\" width=\"265\" height=\"199\" srcset=\"https:\/\/proartes-ers.infd.edu.ar\/sitio\/wp-content\/uploads\/2019\/11\/IMG_7245-1000x750.jpg 1000w, https:\/\/proartes-ers.infd.edu.ar\/sitio\/wp-content\/uploads\/2019\/11\/IMG_7245-768x576.jpg 768w, https:\/\/proartes-ers.infd.edu.ar\/sitio\/wp-content\/uploads\/2019\/11\/IMG_7245-1900x1425.jpg 1900w\" sizes=\"(max-width: 265px) 100vw, 265px\" \/><\/em><\/h2>\n<h2><em>preceptoriaartequiros@gmail.com<\/em><\/h2>\n<p><em>Atenci\u00f3n: Pablo ZAMBOM<\/em><\/p>\n","protected":false},"excerpt":{"rendered":"<p>Mail&#8212;&gt;\u00a0 M\u00fasica preceptoriamusicaquiros@gmail.com Atenci\u00f3n: Malvina ORO\u00d1O \u00a0 \u00a0 \u00a0 \u00a0 \u00a0 Mail&#8211;&gt;\u00a0 Arte preceptoriaartequiros@gmail.com Atenci\u00f3n: Pablo ZAMBOM<\/p>\n","protected":false},"author":382,"featured_media":0,"parent":0,"menu_order":0,"comment_status":"closed","ping_status":"closed","template":"","meta":[],"acf":[],"_links":{"self":[{"href":"https:\/\/proartes-ers.infd.edu.ar\/sitio\/wp-json\/wp\/v2\/pages\/1251"}],"collection":[{"href":"https:\/\/proartes-ers.infd.edu.ar\/sitio\/wp-json\/wp\/v2\/pages"}],"about":[{"href":"https:\/\/proartes-ers.infd.edu.ar\/sitio\/wp-json\/wp\/v2\/types\/page"}],"author":[{"embeddable":true,"href":"https:\/\/proartes-ers.infd.edu.ar\/sitio\/wp-json\/wp\/v2\/users\/382"}],"replies":[{"embeddable":true,"href":"https:\/\/proartes-ers.infd.edu.ar\/sitio\/wp-json\/wp\/v2\/comments?post=1251"}],"version-history":[{"count":16,"href":"https:\/\/proartes-ers.infd.edu.ar\/sitio\/wp-json\/wp\/v2\/pages\/1251\/revisions"}],"predecessor-version":[{"id":4568,"href":"https:\/\/proartes-ers.infd.edu.ar\/sitio\/wp-json\/wp\/v2\/pages\/1251\/revisions\/4568"}],"wp:attachment":[{"href":"https:\/\/proartes-ers.infd.edu.ar\/sitio\/wp-json\/wp\/v2\/media?parent=1251"}],"curies":[{"name":"wp","href":"https:\/\/api.w.org\/{rel}","templated":true}]}}