{"id":1403,"date":"2020-03-16T09:01:57","date_gmt":"2020-03-16T12:01:57","guid":{"rendered":"https:\/\/proartes-ers.infd.edu.ar\/sitio\/?page_id=1403"},"modified":"2024-02-20T17:21:16","modified_gmt":"2024-02-20T20:21:16","slug":"equipo-de-conduccion-secundaria","status":"publish","type":"page","link":"https:\/\/proartes-ers.infd.edu.ar\/sitio\/equipo-de-conduccion-secundaria\/","title":{"rendered":"Equipo de Conducci\u00f3n"},"content":{"rendered":"<p style=\"text-align: justify;\"><span style=\"font-family: book antiqua,palatino; font-size: 12pt;\">Es el \u00f3rgano de conducci\u00f3n institucional desde la gesti\u00f3n curricular hasta de la administrativa.&nbsp;<\/span><span style=\"font-family: book antiqua,palatino; font-size: 12pt;\">Promueve la construcci\u00f3n colaborativa del Proyecto Institucional por parte de todos los actores institucionales, promueve las acciones del Consejo Directivo y cumplimenta las acciones de pol\u00edtica educativa de car\u00e1cter nacional o provincial.&nbsp;<\/span><span style=\"font-family: book antiqua,palatino; font-size: 12pt;\">Las Instancias de participaci\u00f3n Institucional se formalizan a partir de:<\/span><\/p>\n<ul>\n<li><span style=\"font-family: book antiqua,palatino; font-size: 12pt;\">Consejo Directivo<\/span><\/li>\n<li><span style=\"font-family: book antiqua,palatino; font-size: 12pt;\">Equipos docentes<\/span><\/li>\n<li><span style=\"font-family: book antiqua,palatino; font-size: 12pt;\">Equipo Administrativo.&nbsp;&nbsp;<\/span><\/li>\n<\/ul>\n<p>&nbsp;<\/p>\n<table style=\"width: 474px; height: 178px;\" border=\"0\" cellspacing=\"0\" cellpadding=\"0\">\n<colgroup>\n<col width=\"362\">\n<col width=\"217\"> <\/colgroup>\n<tbody>\n<tr>\n<td class=\"xl65\" width=\"362\" height=\"25\"><span style=\"font-family: book antiqua,palatino; font-size: 14pt;\">Rector<br \/>\n<\/span><\/td>\n<td class=\"xl66\" width=\"217\"><span style=\"font-family: book antiqua,palatino; font-size: 14pt;\">GARCIA, Diego<\/span><\/td>\n<\/tr>\n<tr>\n<td class=\"xl65\" style=\"text-align: left;\" height=\"25\"><span style=\"font-family: book antiqua,palatino; font-size: 14pt;\">Vicerrectora<\/span><\/td>\n<td class=\"xl66\"><span style=\"font-family: book antiqua,palatino; font-size: 14pt;\">TRABICHET, Daniela<\/span><\/td>\n<\/tr>\n<tr>\n<td class=\"xl65\" height=\"25\"><span style=\"font-family: book antiqua,palatino; font-size: 14pt;\">Secretario<\/span><\/td>\n<td class=\"xl66\">MARTINEZ, Gustavo<\/td>\n<\/tr>\n<tr>\n<td class=\"xl65\" height=\"25\"><span style=\"font-family: book antiqua,palatino; font-size: 14pt;\">Asesora Pedag\u00f3gica<\/span><\/td>\n<td class=\"xl66\">ONETO, Ver\u00f3nica<\/td>\n<\/tr>\n<\/tbody>\n<\/table>\n<p>&nbsp;<\/p>\n","protected":false},"excerpt":{"rendered":"<p>Es el \u00f3rgano de conducci\u00f3n institucional desde la gesti\u00f3n curricular hasta de la administrativa.&nbsp;Promueve la construcci\u00f3n colaborativa del Proyecto Institucional por parte de todos los actores institucionales, promueve las acciones del Consejo Directivo y cumplimenta las acciones de pol\u00edtica educativa de car\u00e1cter nacional o provincial.&nbsp;Las Instancias de participaci\u00f3n Institucional se formalizan a partir de: Consejo &#8230; <a title=\"Equipo de Conducci\u00f3n\" class=\"read-more\" href=\"https:\/\/proartes-ers.infd.edu.ar\/sitio\/equipo-de-conduccion-secundaria\/\" aria-label=\"More on Equipo de Conducci\u00f3n\">[+]<\/a><\/p>\n","protected":false},"author":816,"featured_media":0,"parent":0,"menu_order":0,"comment_status":"closed","ping_status":"closed","template":"","meta":[],"acf":[],"_links":{"self":[{"href":"https:\/\/proartes-ers.infd.edu.ar\/sitio\/wp-json\/wp\/v2\/pages\/1403"}],"collection":[{"href":"https:\/\/proartes-ers.infd.edu.ar\/sitio\/wp-json\/wp\/v2\/pages"}],"about":[{"href":"https:\/\/proartes-ers.infd.edu.ar\/sitio\/wp-json\/wp\/v2\/types\/page"}],"author":[{"embeddable":true,"href":"https:\/\/proartes-ers.infd.edu.ar\/sitio\/wp-json\/wp\/v2\/users\/816"}],"replies":[{"embeddable":true,"href":"https:\/\/proartes-ers.infd.edu.ar\/sitio\/wp-json\/wp\/v2\/comments?post=1403"}],"version-history":[{"count":15,"href":"https:\/\/proartes-ers.infd.edu.ar\/sitio\/wp-json\/wp\/v2\/pages\/1403\/revisions"}],"predecessor-version":[{"id":4227,"href":"https:\/\/proartes-ers.infd.edu.ar\/sitio\/wp-json\/wp\/v2\/pages\/1403\/revisions\/4227"}],"wp:attachment":[{"href":"https:\/\/proartes-ers.infd.edu.ar\/sitio\/wp-json\/wp\/v2\/media?parent=1403"}],"curies":[{"name":"wp","href":"https:\/\/api.w.org\/{rel}","templated":true}]}}