{"id":286,"date":"2016-10-31T13:17:59","date_gmt":"2016-10-31T16:17:59","guid":{"rendered":"https:\/\/proartes-ers.infd.edu.ar\/sitio\/?page_id=286"},"modified":"2025-10-14T11:55:32","modified_gmt":"2025-10-14T14:55:32","slug":"inicio","status":"publish","type":"page","link":"https:\/\/proartes-ers.infd.edu.ar\/sitio\/","title":{"rendered":"Inicio"},"content":{"rendered":"<p><meta name=\"viewport\" content=\"width=device-width, initial-scale=1.0\"><\/p>\n<div id=\"wrapper\" class=\"hfeed\">\n<div class=\"main\">\n<div class=\"slider-wrapper theme-default\">\n<div id=\"slider\" class=\"nivoSlider\"><img decoding=\"async\" src=\"https:\/\/proartes-ers.infd.edu.ar\/sitio\/wp-content\/uploads\/2022\/03\/img-3.jpeg\" data-thumb=\"https:\/\/proartes-ers.infd.edu.ar\/sitio\/wp-content\/uploads\/2022\/03\/img-3.jpeg\" alt=\"\" title=\"#caption0\"><img decoding=\"async\" src=\"https:\/\/proartes-ers.infd.edu.ar\/sitio\/wp-content\/uploads\/2022\/03\/img-2.jpeg\" data-thumb=\"https:\/\/proartes-ers.infd.edu.ar\/sitio\/wp-content\/uploads\/2022\/03\/img-2.jpeg\" alt=\"\"><img decoding=\"async\" src=\"https:\/\/proartes-ers.infd.edu.ar\/sitio\/wp-content\/uploads\/2022\/03\/img-5.jpeg\" data-thumb=\"https:\/\/proartes-ers.infd.edu.ar\/sitio\/wp-content\/uploads\/2022\/03\/img-5.jpeg\" alt=\"\"><\/div>\n<\/div>\n<div id=\"caption0\" class=\"nivo-html-caption\">\n<capnivo>\u00a1Bienvenidos a nuestra Web<\/capnivo><\/p>\n<div class=\"slide-text\">Aqu\u00ed ver\u00e1s todo acerca de la Instituci\u00f3n.<\/div>\n<\/div>\n<div class=\"contenedor\">\n<div class=\"titulo_home\">\n<p style=\"text-align: center;\">Escuela Secundaria y Superior N\u00b0 1 \u201cCes\u00e1reo Bernaldo de Quir\u00f3s\u201d<\/p>\n<\/div>\n<p><span style=\"font-size: 12pt; font-family: 'book antiqua', palatino;\">El Instituto Superior de Formaci\u00f3n Docente N\u00b01 &nbsp;forma parte del sistema de educaci\u00f3n p\u00fablica de gesti\u00f3n estatal y posibilita la formaci\u00f3n de docentes especializados en el \u00e1rea art\u00edstica, surge como la oportunidad de complementar la orientaci\u00f3n de la escuela secundaria.<\/span><\/p>\n<p><span style=\"font-size: 12pt; font-family: 'book antiqua', palatino;\">Las autoridades de la Provincia, acordaron la creaci\u00f3n del Profesorado de Artes Pl\u00e1sticas mediante el Decreto n\u00ba 4590 correspondiente al 15 de diciembre de 1976, el cual&nbsp;fue inaugurado con el inicio de las clases el <strong>15 de mayo de 1977.<\/strong><\/span><\/p>\n<p><span style=\"font-size: 12pt; font-family: 'book antiqua', palatino;\">Por resoluci\u00f3n 0876 CGE del <strong>15 de abril de 1997<\/strong> se autoriza la implementaci\u00f3n del Profesorado en Educaci\u00f3n Musical, para el Nivel Inicial, Primero y Segundo ciclo de EGB, seg\u00fan Plan de Estudio aprobado por Decreto 250\/96 MGJE, en la ciudad de Concordia dependiendo del Profesorado de Artes Pl\u00e1sticas, Escuela de Nivel Medio y Superior N\u00ba10 \u201cCes\u00e1reo Bernaldo de Quir\u00f3s\u201d.<\/span><\/p>\n<p><span style=\"font-size: 12pt; font-family: 'book antiqua', palatino;\">El 9 de diciembre de 1991 por Resol. N\u00ba 3120 se dispone que la Escuela Provincial de Nivel Medio y Superior n\u00ba 10 lleve el nombre de <strong>Ces\u00e1reo Bernaldo de Quir\u00f3s<\/strong> con el que deb\u00eda ser propiamente identificada.<\/span><\/p>\n<\/div>\n<div id=\"sec01\" class=\"seccion\" style=\"background-color:#72d0e540;\"><!-- gris #ededed --><\/p>\n<div class=\"contenedor\">\n<h4>Informaci\u00f3n Nivel Secundario<\/h4>\n<style>.wp-show-posts-columns#wpsp-3528 {margin-left: -2em; }.wp-show-posts-columns#wpsp-3528 .wp-show-posts-inner {margin: 0 0 2em 2em; }<\/style><section id=\"wpsp-3528\" class=\" wp-show-posts-columns wp-show-posts\" style=\"\"><article class=\" wp-show-posts-single post-3922 post type-post status-publish format-standard hentry category-infosecundario wpsp-col-6\" itemtype=\"http:\/\/schema.org\/CreativeWork\" itemscope><div class=\"wp-show-posts-inner\" style=\"\">\t\t\t\t\t\t<header class=\"wp-show-posts-entry-header\">\n\t\t\t\t\t\t\t<h5 class=\"wp-show-posts-entry-title\" itemprop=\"headline\"><a href=\"https:\/\/proartes-ers.infd.edu.ar\/sitio\/comisiones-evaluadoras\/\" rel=\"bookmark\">Comisiones Evaluadoras<\/a><\/h5>\t\t\t\t\t\t<\/header><!-- .entry-header -->\n\t\t\t\t\t\t\t\t\t\t\t<div class=\"wp-show-posts-entry-summary\" itemprop=\"text\">\n\t\t\t\t\t\t\t<p>Comisiones Evaluadoras JUNIO &#8211; JULIO 2026 La Rector\u00eda de la Esc. Secundaria N\u00b01 \u201cCes\u00e1reo Bernaldo de Quir\u00f3s\u201d informa las pr\u00f3ximas Comisiones Evaluadoras para Estudiantes que hayan finalizado el Nivel Secundario&#8230;<\/p>\n\t\t\t\t\t\t<\/div><!-- .entry-summary -->\n\t\t\t\t\t<div class=\"wpsp-read-more\"><a title=\"Comisiones Evaluadoras\" class=\"wp-show-posts-read-more\" href=\"https:\/\/proartes-ers.infd.edu.ar\/sitio\/comisiones-evaluadoras\/\">Mas informaci\u00f3n<\/a><\/div><\/div><!-- wp-show-posts-inner --><\/article><article class=\" wp-show-posts-single post-3569 post type-post status-publish format-standard hentry category-infosecundario wpsp-col-6\" itemtype=\"http:\/\/schema.org\/CreativeWork\" itemscope><div class=\"wp-show-posts-inner\" style=\"\">\t\t\t\t\t\t<header class=\"wp-show-posts-entry-header\">\n\t\t\t\t\t\t\t<h5 class=\"wp-show-posts-entry-title\" itemprop=\"headline\"><a href=\"https:\/\/proartes-ers.infd.edu.ar\/sitio\/fechas-mesas-de-examen\/\" rel=\"bookmark\">Fechas mesas de examen<\/a><\/h5>\t\t\t\t\t\t<\/header><!-- .entry-header -->\n\t\t\t\t\t\t\t\t\t\t\t<div class=\"wp-show-posts-entry-summary\" itemprop=\"text\">\n\t\t\t\t\t\t\t<p>Horarios aun no disponibles.<\/p>\n\t\t\t\t\t\t<\/div><!-- .entry-summary -->\n\t\t\t\t\t<div class=\"wpsp-read-more\"><a title=\"Fechas mesas de examen\" class=\"wp-show-posts-read-more\" href=\"https:\/\/proartes-ers.infd.edu.ar\/sitio\/fechas-mesas-de-examen\/\">Mas informaci\u00f3n<\/a><\/div><\/div><!-- wp-show-posts-inner --><\/article><article class=\" wp-show-posts-single post-3901 post type-post status-publish format-standard hentry category-infosecundario category-inscripciones wpsp-col-6\" itemtype=\"http:\/\/schema.org\/CreativeWork\" itemscope><div class=\"wp-show-posts-inner\" style=\"\">\t\t\t\t\t\t<header class=\"wp-show-posts-entry-header\">\n\t\t\t\t\t\t\t<h5 class=\"wp-show-posts-entry-title\" itemprop=\"headline\"><a href=\"https:\/\/proartes-ers.infd.edu.ar\/sitio\/taller-de-arte-infantil\/\" rel=\"bookmark\">Taller \u00a0de \u00a0Arte \u00a0Infantil<\/a><\/h5>\t\t\t\t\t\t<\/header><!-- .entry-header -->\n\t\t\t\t\t\t\t\t\t\t\t<div class=\"wp-show-posts-entry-summary\" itemprop=\"text\">\n\t\t\t\t\t\t\t<p>D\u00edas y horarios de inscripci\u00f3n y reinscripci\u00f3n de alumnos de a\u00f1os anteriores: TURNO MA\u00d1ANA Lunes 16\/03\/2026 de 08:00 a 10:00 hs. TURNO TARDE Martes 17\/03\/2026 de 14:30 a 16:30 hs&#8230;.<\/p>\n\t\t\t\t\t\t<\/div><!-- .entry-summary -->\n\t\t\t\t\t<div class=\"wpsp-read-more\"><a title=\"Taller \u00a0de \u00a0Arte \u00a0Infantil\" class=\"wp-show-posts-read-more\" href=\"https:\/\/proartes-ers.infd.edu.ar\/sitio\/taller-de-arte-infantil\/\">Mas informaci\u00f3n<\/a><\/div><\/div><!-- wp-show-posts-inner --><\/article><div class=\"wpsp-clear\"><\/div><\/section><!-- .wp-show-posts -->\n<\/div>\n<\/div>\n<\/div>\n<link rel=\"stylesheet\" href=\"https:\/\/www.jqueryscript.net\/demo\/nivo-slider\/themes\/default\/default.css\" type=\"text\/css\" media=\"screen\"> \t \t \t \t \t \t \t \t<link rel=\"stylesheet\" href=\"https:\/\/www.jqueryscript.net\/demo\/nivo-slider\/nivo-slider.css\" type=\"text\/css\" media=\"screen\"> \t \t<!--  \t \t \t \t \t \t<link rel=\"preconnect\" href=\"https:\/\/fonts.googleapis.com\">\n \t \t \t \t \t \t \t \t<link rel=\"preconnect\" href=\"https:\/\/fonts.gstatic.com\" crossorigin=\"\">\n \t \t \t \t \t \t \t \t<link href=\"https:\/\/fonts.googleapis.com\/css2?family=Roboto:wght@400&amp;display=swap\" rel=\"stylesheet\"> --><script src=\"https:\/\/ajax.googleapis.com\/ajax\/libs\/jquery\/1.9.1\/jquery.min.js\"><\/script><script type=\"text\/javascript\" src=\"https:\/\/www.jqueryscript.net\/demo\/nivo-slider\/jquery.nivo.slider.js\"><\/script><script type=\"text\/javascript\">$(window).load(function() {$('#slider').nivoSlider({effect: 'random',slices: 15, boxCols: 8, boxRows: 4, animSpeed: 500, pauseTime: 6000, startSlide: 0,directionNav: true,controlNav: true,controlNavThumbs: false,pauseOnHover: true,manualAdvance: false,prevText: 'Prev',nextText: 'Next',randomStart: false,beforeChange: function(){},afterChange: function(){},slideshowEnd:function(){},lastSlide: function(){},afterLoad: function(){}});});<\/script><\/p>\n<style type=\"text\/css\">body{font-size: 60%;-webkit-text-size-adjust: 100%} .main{max-width: 1300px; margin: 0 auto; background-color: #fff} .contenedor{margin-left:auto; margin-right:auto; max-width: 1100px;padding: 40px;}.titulo_home{font-family: 'Roboto', sans-serif; color: #1e73be; font-size: 2.2em;font-weight:500;}capnivo {font-family:Helvetica,Arial,sans-serif; font-size: 1.9em;font-weight: bold;}@media screen and (min-width:425px) {body {font-size: 65%;}}@media screen and (min-width:768px) {body {font-size: 64.5%;}}@media screen and (min-width:902px) {body {font-size: 80%;}}@media screen and (min-width:1059px) {body {font-size:95%;}}@media screen and (min-width:1166px) {body {font-size: 100%;}}<\/style>\n<\/div>\n","protected":false},"excerpt":{"rendered":"<p>\u00a1Bienvenidos a nuestra Web Aqu\u00ed ver\u00e1s todo acerca de la Instituci\u00f3n. Escuela Secundaria y Superior N\u00b0 1 \u201cCes\u00e1reo Bernaldo de Quir\u00f3s\u201d El Instituto Superior de Formaci\u00f3n Docente N\u00b01 &nbsp;forma parte del sistema de educaci\u00f3n p\u00fablica de gesti\u00f3n estatal y posibilita la formaci\u00f3n de docentes especializados en el \u00e1rea art\u00edstica, surge como la oportunidad de complementar &#8230; <a title=\"Taller \u00a0de \u00a0Arte \u00a0Infantil\" class=\"read-more\" href=\"https:\/\/proartes-ers.infd.edu.ar\/sitio\/taller-de-arte-infantil\/\" aria-label=\"More on Taller \u00a0de \u00a0Arte \u00a0Infantil\">[+]<\/a><\/p>\n","protected":false},"author":816,"featured_media":0,"parent":0,"menu_order":0,"comment_status":"closed","ping_status":"closed","template":"","meta":[],"acf":[],"_links":{"self":[{"href":"https:\/\/proartes-ers.infd.edu.ar\/sitio\/wp-json\/wp\/v2\/pages\/286"}],"collection":[{"href":"https:\/\/proartes-ers.infd.edu.ar\/sitio\/wp-json\/wp\/v2\/pages"}],"about":[{"href":"https:\/\/proartes-ers.infd.edu.ar\/sitio\/wp-json\/wp\/v2\/types\/page"}],"author":[{"embeddable":true,"href":"https:\/\/proartes-ers.infd.edu.ar\/sitio\/wp-json\/wp\/v2\/users\/816"}],"replies":[{"embeddable":true,"href":"https:\/\/proartes-ers.infd.edu.ar\/sitio\/wp-json\/wp\/v2\/comments?post=286"}],"version-history":[{"count":144,"href":"https:\/\/proartes-ers.infd.edu.ar\/sitio\/wp-json\/wp\/v2\/pages\/286\/revisions"}],"predecessor-version":[{"id":4634,"href":"https:\/\/proartes-ers.infd.edu.ar\/sitio\/wp-json\/wp\/v2\/pages\/286\/revisions\/4634"}],"wp:attachment":[{"href":"https:\/\/proartes-ers.infd.edu.ar\/sitio\/wp-json\/wp\/v2\/media?parent=286"}],"curies":[{"name":"wp","href":"https:\/\/api.w.org\/{rel}","templated":true}]}}