{"id":3704,"date":"2022-10-18T16:51:54","date_gmt":"2022-10-18T19:51:54","guid":{"rendered":"https:\/\/proartes-ers.infd.edu.ar\/sitio\/?page_id=3704"},"modified":"2026-04-21T16:42:08","modified_gmt":"2026-04-21T19:42:08","slug":"recursos-4to2020sa","status":"publish","type":"page","link":"https:\/\/proartes-ers.infd.edu.ar\/sitio\/recursosdigitales\/recursos-4to2020sa\/","title":{"rendered":"Recursos 4to A\u00f1o 2020"},"content":{"rendered":"<link rel=\"stylesheet\" type=\"text\/css\" href=\"https:\/\/proartesvisuales.pages.dev\/css\/style_sabadq.css\">\n<hr>\n<p><a name=\"P1_x\"><\/a><\/p>\n<div id=\"P1\" class=\"collapse\">\n<div class=\"collapse-title\">\n<a class=\"collapse-title-anchor\" href=\"#P1\">Culturas y Est\u00e9ticas Contempor\u00e1neas<\/a><a class=\"collapse-title-anchor collapse-title-a--close\" href=\"#P1_x\">Cerrar<\/a><\/div>\n<div class=\"collapse-content\">\n<hr>\n<h3><span style=\"color: #000000;\">Octavas Actividades:<\/span><\/h3>\n<p style=\"padding-left: 60px;\">Descarga:&nbsp;<a href=\"https:\/\/drive.google.com\/open?id=1uEq2Eba--ht5IhMd0fWp1xsyd2WYIn39\" target=\"_blank\" rel=\"noopener\">Actividad<\/a><\/p>\n<hr>\n<h3><span style=\"color: #000000;\">S\u00e9ptimas Actividades:<\/span><\/h3>\n<p style=\"padding-left: 60px;\">Descarga:&nbsp;<a href=\"https:\/\/drive.google.com\/open?id=1PaxbRhK1wJKmVczKRqk327KsJ4VU3EB1\" target=\"_blank\" rel=\"noopener\">Actividad<\/a><\/p>\n<hr>\n<h3><span style=\"color: #000000;\">Sextas Actividades:<\/span><\/h3>\n<p style=\"padding-left: 60px;\">Descarga:&nbsp;<a href=\"https:\/\/drive.google.com\/open?id=1569762Sh1JjxLrVpeQtgaEqIZPPwGFqz\" target=\"_blank\" rel=\"noopener\">Actividad<\/a><\/p>\n<hr>\n<h3><span style=\"color: #000000;\">Quintas Actividades:<\/span><\/h3>\n<p style=\"padding-left: 60px;\">Descarga:&nbsp;<a href=\"https:\/\/drive.google.com\/open?id=1ThNNyDti6sC72d7Z_eFSjGxlch4wxvFX\" target=\"_blank\" rel=\"noopener\">Actividad<\/a><\/p>\n<hr>\n<h3><span style=\"color: #000000;\">Terceras Actividades:<\/span><\/h3>\n<p style=\"padding-left: 60px;\">Descarga:&nbsp;<a href=\"https:\/\/drive.google.com\/file\/d\/1x7xMjCgRF6o9HhvaQlIpkJ3qrUjv0XMs\/view?usp=sharing\" target=\"_blank\" rel=\"noopener\">Actividad<\/a><\/p>\n<hr>\n<h3><span style=\"color: #000000;\">Segundas Actividades:<\/span><\/h3>\n<p style=\"padding-left: 60px;\">Descarga:&nbsp;<a href=\"https:\/\/drive.google.com\/file\/d\/1_HVCaUgcgzLpA_YY91C6AC0YLjQWSdHM\/view?usp=sharing\" target=\"_blank\" rel=\"noopener\">Actividad<\/a><\/p>\n<hr>\n<h3><span style=\"color: #000000;\">Primeras Actividades:<\/span><\/h3>\n<p style=\"padding-left: 60px;\">Descarga:&nbsp;<a href=\"https:\/\/drive.google.com\/file\/d\/1DKaM-Ozwcn9wjgw-qVY2d6ErynTq5CHp\/view?usp=sharing\" target=\"_blank\" rel=\"noopener\">Actividad<\/a><\/p>\n<\/div>\n<\/div>\n<hr>\n<p><a name=\"P2_x\"><\/a><\/p>\n<div id=\"P2\" class=\"collapse\">\n<div class=\"collapse-title\">\n<a class=\"collapse-title-anchor\" href=\"#P2\">Taller de Bidimensi\u00f3n<\/a><a class=\"collapse-title-anchor collapse-title-a--close\" href=\"#P2_x\">Cerrar<\/a><\/div>\n<div class=\"collapse-content\">\n<hr>\n<h3><span style=\"color: #000000;\">Octavas Actividades:<\/span><\/h3>\n<p style=\"padding-left: 60px;\">Descarga: <a href=\"https:\/\/drive.google.com\/open?id=1YJCtNeHjkeKzkQk4G5C4g7whTHkLnAws\" target=\"_blank\" rel=\"noopener\">Actividad<\/a><\/p>\n<hr>\n<h3><span style=\"color: #000000;\">S\u00e9ptimas Actividades:<\/span><\/h3>\n<p style=\"padding-left: 60px;\">Descarga:&nbsp;<a href=\"https:\/\/drive.google.com\/open?id=1RoPGlWbHBSZyKJhIRS_Yb6RJfzCI8Ewa\" target=\"_blank\" rel=\"noopener\">Actividad<\/a><\/p>\n<hr>\n<h3><span style=\"color: #000000;\">Sextas Actividades:<\/span><\/h3>\n<p style=\"padding-left: 60px;\">Descarga:&nbsp;<a href=\"https:\/\/drive.google.com\/open?id=1rvkXnFsm883CRJoCJmdWz390WGLqPqAv\" target=\"_blank\" rel=\"noopener\">Actividad<\/a><\/p>\n<hr>\n<h3><span style=\"color: #000000;\">Quintas Actividades:<\/span><\/h3>\n<p style=\"padding-left: 60px;\">Descarga:&nbsp;<a href=\"https:\/\/drive.google.com\/open?id=1Aqdwslvf8UahJMYGlrlnhFftdZoklBmP\" target=\"_blank\" rel=\"noopener\">Actividad<\/a><\/p>\n<hr>\n<h3><span style=\"color: #000000;\">Terceras Actividades:<\/span><\/h3>\n<p style=\"padding-left: 60px;\">Descarga:&nbsp;<a href=\"https:\/\/drive.google.com\/file\/d\/1irJF8fdInevm8Rn9Gu1M3I84cCOnDRiL\/view?usp=sharing\" target=\"_blank\" rel=\"noopener\">Actividad<\/a><\/p>\n<hr>\n<h3><span style=\"color: #000000;\">Primeras Actividades:<\/span><\/h3>\n<p style=\"padding-left: 60px;\">Descarga:&nbsp;<a href=\"https:\/\/drive.google.com\/file\/d\/1ibG9e9I2eI4-hDRIZhQ0-PtN7uHhV0cq\/view?usp=sharing\" target=\"_blank\" rel=\"noopener\">Actividad<\/a><\/p>\n<\/div>\n<\/div>\n<hr>\n<p><a name=\"P3_x\"><\/a><\/p>\n<div id=\"P3\" class=\"collapse\">\n<div class=\"collapse-title\">\n<a class=\"collapse-title-anchor\" href=\"#P3\">Taller de Bidimensi\u00f3n \u2013 Culturas y Est\u00e9ticas Contempor\u00e1neas &#8211; Historia &#8211; Formaci\u00f3n \u00c9tica y Ciudadana<\/a><a class=\"collapse-title-anchor collapse-title-a--close\" href=\"#P3_x\">Cerrar<\/a><\/div>\n<div class=\"collapse-content\">\n<p><span style=\"color: #000000;\"> <\/span>Actividades de revisi\u00f3n, profundizaci\u00f3n e integraci\u00f3n de contenidos.<\/p>\n<hr>\n<h3><span style=\"color: #000000;\">Cuartas Actividades:<\/span><\/h3>\n<p style=\"padding-left: 60px;\">Descarga:&nbsp;<a href=\"https:\/\/drive.google.com\/open?id=1xzK7YT4EyEzeSmqNzaQ0vhnNtbcTwNmn\" target=\"_blank\" rel=\"noopener\">Actividad<\/a><\/p>\n<\/div>\n<\/div>\n<hr>\n<p><a href=\"https:\/\/proartes-ers.infd.edu.ar\/sitio\/sel_curso\">Regresar<\/a><\/p>\n","protected":false},"excerpt":{"rendered":"<p>Culturas y Est\u00e9ticas Contempor\u00e1neasCerrar Octavas Actividades: Descarga:&nbsp;Actividad S\u00e9ptimas Actividades: Descarga:&nbsp;Actividad Sextas Actividades: Descarga:&nbsp;Actividad Quintas Actividades: Descarga:&nbsp;Actividad Terceras Actividades: Descarga:&nbsp;Actividad Segundas Actividades: Descarga:&nbsp;Actividad Primeras Actividades: Descarga:&nbsp;Actividad Taller de Bidimensi\u00f3nCerrar Octavas Actividades: Descarga: Actividad S\u00e9ptimas Actividades: Descarga:&nbsp;Actividad Sextas Actividades: Descarga:&nbsp;Actividad Quintas Actividades: Descarga:&nbsp;Actividad Terceras Actividades: Descarga:&nbsp;Actividad Primeras Actividades: Descarga:&nbsp;Actividad Taller de Bidimensi\u00f3n \u2013 Culturas y Est\u00e9ticas Contempor\u00e1neas &#8230; <a title=\"Recursos 4to A\u00f1o 2020\" class=\"read-more\" href=\"https:\/\/proartes-ers.infd.edu.ar\/sitio\/recursosdigitales\/recursos-4to2020sa\/\" aria-label=\"More on Recursos 4to A\u00f1o 2020\">[+]<\/a><\/p>\n","protected":false},"author":816,"featured_media":0,"parent":1407,"menu_order":0,"comment_status":"closed","ping_status":"closed","template":"","meta":[],"acf":[],"_links":{"self":[{"href":"https:\/\/proartes-ers.infd.edu.ar\/sitio\/wp-json\/wp\/v2\/pages\/3704"}],"collection":[{"href":"https:\/\/proartes-ers.infd.edu.ar\/sitio\/wp-json\/wp\/v2\/pages"}],"about":[{"href":"https:\/\/proartes-ers.infd.edu.ar\/sitio\/wp-json\/wp\/v2\/types\/page"}],"author":[{"embeddable":true,"href":"https:\/\/proartes-ers.infd.edu.ar\/sitio\/wp-json\/wp\/v2\/users\/816"}],"replies":[{"embeddable":true,"href":"https:\/\/proartes-ers.infd.edu.ar\/sitio\/wp-json\/wp\/v2\/comments?post=3704"}],"version-history":[{"count":4,"href":"https:\/\/proartes-ers.infd.edu.ar\/sitio\/wp-json\/wp\/v2\/pages\/3704\/revisions"}],"predecessor-version":[{"id":4766,"href":"https:\/\/proartes-ers.infd.edu.ar\/sitio\/wp-json\/wp\/v2\/pages\/3704\/revisions\/4766"}],"up":[{"embeddable":true,"href":"https:\/\/proartes-ers.infd.edu.ar\/sitio\/wp-json\/wp\/v2\/pages\/1407"}],"wp:attachment":[{"href":"https:\/\/proartes-ers.infd.edu.ar\/sitio\/wp-json\/wp\/v2\/media?parent=3704"}],"curies":[{"name":"wp","href":"https:\/\/api.w.org\/{rel}","templated":true}]}}