{"id":926,"date":"2018-08-30T13:54:17","date_gmt":"2018-08-30T16:54:17","guid":{"rendered":"https:\/\/proartes-ers.infd.edu.ar\/sitio\/profesorado-en-artes-musicales\/"},"modified":"2021-11-17T19:04:12","modified_gmt":"2021-11-17T22:04:12","slug":"profesorado-en-artes-musicales","status":"publish","type":"page","link":"https:\/\/proartes-ers.infd.edu.ar\/sitio\/profesorado-en-artes-musicales\/","title":{"rendered":"Profesorado de M\u00fasica"},"content":{"rendered":"<p><strong><span style=\"font-family: 'book antiqua', palatino; font-size: 12pt;\">Profesorado de M\u00fasica con Orientaci\u00f3n en Educaci\u00f3n Musical<br \/>\n<\/span><\/strong><\/p>\n<p><span style=\"font-family: 'book antiqua', palatino; font-size: 12pt;\"><strong>T\u00ectulo que se otorga<\/strong>: Profesor\/a de M\u00fasica con Orientaci\u00f3n en Educaci\u00f3n Musical<br \/>\n<\/span><\/p>\n<p><span style=\"font-family: 'book antiqua', palatino; font-size: 12pt;\"><strong>Duraci\u00f3n<\/strong>: 4 a\u00f1os.<\/span><\/p>\n<p><span style=\"font-family: 'book antiqua', palatino; font-size: 12pt;\">La carrera se organiza en torno a tres campos: Campos de la Formaci\u00f3n General, Campo de la Formaci\u00f3n Espec\u00edfica, y Campo de la Formaci\u00f3n en la Pr\u00e1ctica Profesional. Cada campo contiene unidades curriculares con diferentes formatos.<\/span><\/p>\n<p><span style=\"font-family: 'book antiqua', palatino; font-size: 12pt;\"><strong>Competencia:<\/strong>&nbsp;<\/span><\/p>\n<p><span style=\"font-family: 'book antiqua', palatino; font-size: 12pt;\">La Ley de Educaci\u00f3n Provincial establece que \u00ablas instituciones de formaci\u00f3n docente, otorgaran t\u00edtulos y certificaciones acad\u00e9micas que habilitar\u00e1n para el ejercicio de la docencia, en funcion de la reglamentaci\u00f3n establecida por el Ministerio de Educaci\u00f3n de la Naci\u00f3n y los acuerdos del Consejo Federal de Educaci\u00f3n para que los mismos posean validez nacional\u00bb <sup>54<\/sup><\/span><\/p>\n<p><span style=\"font-family: 'book antiqua', palatino; font-size: 12pt;\">El\/la Profesor\/a de M\u00fasica tiene competencia para dise\u00f1ar, desarrollar, acompa\u00f1ar, orientar y evaluar procesos de ense\u00f1anza y aprendizaje para la educaci\u00f3n musical en los siguientes niveles y modalidades del Sistema Educativo: Educaci\u00f3n Art\u00edstica; Educaci\u00f3n Inicial; Educaci\u00f3n Primaria; Educaci\u00f3n Secundaria; Educaci\u00f3n Especial y en la Educaci\u00f3n No formal.<\/span><\/p>\n<p><span style=\"font-family: 'book antiqua', palatino; font-size: 12pt;\"><strong>Finalidades y Prop\u00f3sitos de la Formaci\u00f3n Docente en M\u00fasica<\/strong>.<sup>55<\/sup><\/span><\/p>\n<p><span style=\"font-family: 'book antiqua', palatino; font-size: 12pt;\">El profesorado de m\u00fasica tendr\u00e1 como finalidad que los estudiantes en el ejercicio de sua ccionar docente logren:<\/span><\/p>\n<ul>\n<li><span style=\"font-family: 'book antiqua', palatino; font-size: 12pt;\">Desarrollar una praxis art\u00edstica &#8211; musical, que les permita a los estudiantes interpretar discursos, sustentados social, cultural y est\u00e9ticamente, promoviendo la reflexi\u00f3n sobre el proceso desarrollado y sobre el producto obtenido.<\/span><\/li>\n<\/ul>\n<p><span style=\"text-decoration: underline;\"><span style=\"font-family: 'book antiqua', palatino; font-size: 12pt;\">&nbsp; &nbsp; &nbsp; &nbsp; &nbsp; &nbsp; &nbsp; &nbsp; &nbsp; &nbsp; &nbsp; &nbsp; &nbsp; &nbsp; &nbsp; &nbsp; &nbsp; &nbsp; &nbsp; &nbsp; &nbsp; &nbsp; &nbsp; &nbsp; &nbsp; &nbsp; &nbsp; &nbsp; &nbsp; &nbsp; &nbsp; &nbsp; &nbsp; &nbsp; &nbsp; &nbsp; &nbsp; &nbsp;&nbsp;<\/span><\/span><\/p>\n<p><span style=\"font-family: 'book antiqua', palatino; font-size: 12pt;\"><sup>54<\/sup> <span style=\"font-size: 8pt;\">Ley de Educaci\u00f3n Provincial. Op. cit Art\u00edculo 115\u00ba<\/span><\/span><\/p>\n<p><span style=\"font-family: 'book antiqua', palatino; font-size: 12pt;\"><sup>55<\/sup><span style=\"font-size: 8pt;\"> INFD, Recomendaciones para la elaboraci\u00f3n de Dise\u00f1os Curriculares. Profesorado de Educaci\u00f3n Art\u00edstica. Ministerio de Educaci\u00f3n de la Naci\u00f3n. 2008, p.97<\/span><\/span><\/p>\n","protected":false},"excerpt":{"rendered":"<p>Profesorado de M\u00fasica con Orientaci\u00f3n en Educaci\u00f3n Musical T\u00ectulo que se otorga: Profesor\/a de M\u00fasica con Orientaci\u00f3n en Educaci\u00f3n Musical Duraci\u00f3n: 4 a\u00f1os. La carrera se organiza en torno a tres campos: Campos de la Formaci\u00f3n General, Campo de la Formaci\u00f3n Espec\u00edfica, y Campo de la Formaci\u00f3n en la Pr\u00e1ctica Profesional. Cada campo contiene unidades &#8230; <a title=\"Profesorado de M\u00fasica\" class=\"read-more\" href=\"https:\/\/proartes-ers.infd.edu.ar\/sitio\/profesorado-en-artes-musicales\/\" aria-label=\"More on Profesorado de M\u00fasica\">[+]<\/a><\/p>\n","protected":false},"author":382,"featured_media":0,"parent":0,"menu_order":0,"comment_status":"closed","ping_status":"closed","template":"","meta":[],"acf":[],"_links":{"self":[{"href":"https:\/\/proartes-ers.infd.edu.ar\/sitio\/wp-json\/wp\/v2\/pages\/926"}],"collection":[{"href":"https:\/\/proartes-ers.infd.edu.ar\/sitio\/wp-json\/wp\/v2\/pages"}],"about":[{"href":"https:\/\/proartes-ers.infd.edu.ar\/sitio\/wp-json\/wp\/v2\/types\/page"}],"author":[{"embeddable":true,"href":"https:\/\/proartes-ers.infd.edu.ar\/sitio\/wp-json\/wp\/v2\/users\/382"}],"replies":[{"embeddable":true,"href":"https:\/\/proartes-ers.infd.edu.ar\/sitio\/wp-json\/wp\/v2\/comments?post=926"}],"version-history":[{"count":1,"href":"https:\/\/proartes-ers.infd.edu.ar\/sitio\/wp-json\/wp\/v2\/pages\/926\/revisions"}],"predecessor-version":[{"id":3210,"href":"https:\/\/proartes-ers.infd.edu.ar\/sitio\/wp-json\/wp\/v2\/pages\/926\/revisions\/3210"}],"wp:attachment":[{"href":"https:\/\/proartes-ers.infd.edu.ar\/sitio\/wp-json\/wp\/v2\/media?parent=926"}],"curies":[{"name":"wp","href":"https:\/\/api.w.org\/{rel}","templated":true}]}}