{"id":947,"date":"2018-08-30T13:54:26","date_gmt":"2018-08-30T16:54:26","guid":{"rendered":"https:\/\/proartes-ers.infd.edu.ar\/sitio\/ingresantes-2018\/"},"modified":"2026-02-24T20:02:37","modified_gmt":"2026-02-24T23:02:37","slug":"ingresantes-2018","status":"publish","type":"page","link":"https:\/\/proartes-ers.infd.edu.ar\/sitio\/ingresantes-2018\/","title":{"rendered":"RAM"},"content":{"rendered":"<h2 style=\"text-align: left;\">R\u00e9gimen Acad\u00e9mico Marco (RAM) para Institutos de Educaci\u00f3n Superior<\/h2>\n<h3><\/h3>\n<h4 style=\"text-align: center;\"><a href=\"https:\/\/proartes-ers.infd.edu.ar\/sitio\/wp-content\/uploads\/2024\/07\/0249-24-CGE-Aprueba-Re\u0301gimen-Acade\u0301mico-Marco-RAM-para-Institutos-de-Educacio\u0301n-Superior.pdf\"><em>\u2726 Accede al documento completo en este enlace<\/em><\/a><\/h4>\n","protected":false},"excerpt":{"rendered":"<p>R\u00e9gimen Acad\u00e9mico Marco (RAM) para Institutos de Educaci\u00f3n Superior \u2726 Accede al documento completo en este enlace<\/p>\n","protected":false},"author":382,"featured_media":0,"parent":0,"menu_order":0,"comment_status":"closed","ping_status":"closed","template":"","meta":[],"acf":[],"_links":{"self":[{"href":"https:\/\/proartes-ers.infd.edu.ar\/sitio\/wp-json\/wp\/v2\/pages\/947"}],"collection":[{"href":"https:\/\/proartes-ers.infd.edu.ar\/sitio\/wp-json\/wp\/v2\/pages"}],"about":[{"href":"https:\/\/proartes-ers.infd.edu.ar\/sitio\/wp-json\/wp\/v2\/types\/page"}],"author":[{"embeddable":true,"href":"https:\/\/proartes-ers.infd.edu.ar\/sitio\/wp-json\/wp\/v2\/users\/382"}],"replies":[{"embeddable":true,"href":"https:\/\/proartes-ers.infd.edu.ar\/sitio\/wp-json\/wp\/v2\/comments?post=947"}],"version-history":[{"count":20,"href":"https:\/\/proartes-ers.infd.edu.ar\/sitio\/wp-json\/wp\/v2\/pages\/947\/revisions"}],"predecessor-version":[{"id":4739,"href":"https:\/\/proartes-ers.infd.edu.ar\/sitio\/wp-json\/wp\/v2\/pages\/947\/revisions\/4739"}],"wp:attachment":[{"href":"https:\/\/proartes-ers.infd.edu.ar\/sitio\/wp-json\/wp\/v2\/media?parent=947"}],"curies":[{"name":"wp","href":"https:\/\/api.w.org\/{rel}","templated":true}]}}