{"id":957,"date":"2018-08-30T13:54:30","date_gmt":"2018-08-30T16:54:30","guid":{"rendered":"https:\/\/proartes-ers.infd.edu.ar\/sitio\/plan-de-estudios-3\/"},"modified":"2024-07-17T07:38:22","modified_gmt":"2024-07-17T10:38:22","slug":"plan-de-estudios-3","status":"publish","type":"page","link":"https:\/\/proartes-ers.infd.edu.ar\/sitio\/plan-de-estudios-3\/","title":{"rendered":"Plan de estudios"},"content":{"rendered":"<p><span style=\"color: #000000; font-family: Verdana; font-size: small;\"><img decoding=\"async\" loading=\"lazy\" src=\"https:\/\/proartes-ers.infd.edu.ar\/sitio\/wp-content\/uploads\/2018\/08\/planmusica.jpg\" width=\"797\" height=\"613\" border=\"0\" \/><\/span><\/p>\n<p><span style=\"font-size: 8pt;\"><strong>NUEVO DISE\u00d1O CURRICULAR: PROFESORADO DE M\u00d9SICA CON ORIENTACI\u00d2N MUSICAL: ESTRUCTURA CURRICULAR POR CAMPO Y POR A\u00d1O<\/strong><\/span><\/p>\n<p><span style=\"font-size: 8pt;\"><strong><a title=\"DISE\u00d1O CURRICULAR DE MUSICA 2017\" href=\"http:\/\/cge.entrerios.gov.ar\/educacion\/wp-content\/uploads\/2017\/04\/0977-17-CGE-Aprueba-Dise%C3%B1o-Curricular-Profesorado-de-M%C3%BAsica-con-Orientaci%C3%B3n-en-Educaci%C3%B3n-Musical.pdf\">DISE\u00d1O CURRICULAR 2017<\/a><\/strong><\/span><\/p>\n<p><span style=\"font-size: 8pt;\"><strong>1<span style=\"background-color: #ff9900;\">ER. A\u00d1O: CAMPO FORMACI\u00d2N GENERAL<\/span><\/strong><\/span><\/p>\n<p><span style=\"font-size: 8pt;\">1.- Pedagog\u00eda<\/span><\/p>\n<p><span style=\"font-size: 8pt;\">2.- Oralidad Lectura Escritura y TIC<\/span><\/p>\n<p><span style=\"font-size: 8pt;\">3.- Psicolog\u00eda Educacional<\/span><\/p>\n<p><span style=\"font-size: 8pt;\">4.- Corporeidad, juego, lenguajes art\u00edsticos<\/span><\/p>\n<p><span style=\"font-size: 8pt;\"><strong>CAMPO FORMACI\u00d3N ESPEC\u00cdFICA<\/strong><\/span><\/p>\n<p><span style=\"font-size: 8pt;\">5.-Lenguaje Musical<\/span><\/p>\n<p><span style=\"font-size: 8pt;\">6.- Instrumentos<\/span><\/p>\n<p><span style=\"font-size: 8pt;\">7.- Canto colectivo<\/span><\/p>\n<p><span style=\"font-size: 8pt;\">8.- Historia social de la m\u00fasica<\/span><\/p>\n<p><span style=\"font-size: 8pt;\">9.- Sujetos de la Educaci\u00f3n<\/span><\/p>\n<p><span style=\"font-size: 8pt;\"><strong>CAMPO DE LA FORMACI\u00d2N EN LA PR\u00c1CTICA PROFESIONAL DOCENTE<\/strong><\/span><\/p>\n<p><span style=\"font-size: 8pt;\">10.- Practica Profesional Docente<\/span><\/p>\n<p><span style=\"font-size: 8pt;\">\u00a0<\/span><\/p>\n<p><span style=\"background-color: #ff9900; font-size: 8pt;\">2do A\u00f1o <strong>CAMPO FORMACI\u00d2N GENERAL<\/strong><\/span><\/p>\n<p><span style=\"font-size: 8pt;\">11.- Filosof\u00eda<\/span><\/p>\n<p><span style=\"font-size: 8pt;\">12.- Did\u00e1ctica General<\/span><\/p>\n<p><span style=\"font-size: 8pt;\">13.- Historia Social y pol\u00ectica argentina y latinoamericana<\/span><\/p>\n<p><span style=\"font-size: 8pt;\"><strong>CAMPO FORMACI\u00d3N ESPEC\u00cdFICA<\/strong><\/span><\/p>\n<p><span style=\"font-size: 8pt;\"><strong>1<\/strong>4.- Lenguaje Musical II<\/span><\/p>\n<p><span style=\"font-size: 8pt;\">15.- Instrumentos II<\/span><\/p>\n<p><span style=\"font-size: 8pt;\">16.- Conjunto vocal\/instrumental<\/span><\/p>\n<p><span style=\"font-size: 8pt;\">17.- Historia social de la m\u00fasica II<\/span><\/p>\n<p><span style=\"font-size: 8pt;\">18.- Did\u00e1ctica de la M\u00fasica<\/span><\/p>\n<p><span style=\"font-size: 8pt;\"><strong>CAMPO DE LA FORMACI\u00d2N EN LA PR\u00c1CTICA PROFESIONAL DOCENTE<\/strong><\/span><\/p>\n<p><span style=\"font-size: 8pt;\">19.- Practica Profesional Docente II<\/span><\/p>\n<p><span style=\"font-size: 8pt;\">\u00a0<\/span><\/p>\n<p><span style=\"font-size: 8pt;\">\u00a0<span style=\"background-color: #ff9900;\">3er a\u00f1o <strong>CAMPO FORMACI\u00d2N GENERAL<\/strong><\/span><\/span><\/p>\n<p><span style=\"font-size: 8pt;\">20.- Historia de la educaci\u00f3n argentina<\/span><\/p>\n<p><span style=\"font-size: 8pt;\">21.- Sociolog\u00eca de la educaci\u00f3n<\/span><\/p>\n<p><span style=\"font-size: 8pt;\">22.- An\u00e1lisis y organizaci\u00f3n de las instituciones educativas<\/span><\/p>\n<p><span style=\"font-size: 8pt;\"><strong>CAMPO FORMACI\u00d3N ESPEC\u00cdFICA<\/strong><\/span><\/p>\n<p><span style=\"font-size: 8pt;\"><strong>23.- Lenguaje Musical III<\/strong><\/span><\/p>\n<p><span style=\"font-size: 8pt;\"><strong>24.- Instrumentos II<\/strong><\/span><\/p>\n<p><span style=\"font-size: 8pt;\"><strong>25.- Direcci\u00f2n de conjunto vocal\/instrum.<\/strong><\/span><\/p>\n<p><span style=\"font-size: 8pt;\"><strong>26.- Historia y repertorio de la m\u00fasica popular argentina y latinoamericana<\/strong><\/span><\/p>\n<p><span style=\"font-size: 8pt;\"><strong>27.- Did\u00e1ctica de la m\u00fasica II<\/strong><\/span><\/p>\n<p><span style=\"font-size: 8pt;\"><strong>28.- Producci\u00f3n musical con medios digitales<\/strong><\/span><\/p>\n<p><span style=\"font-size: 8pt;\">\u00a0<\/span><\/p>\n<p><span style=\"font-size: 8pt;\"><strong>CAMPO DE LA FORMACI\u00d2N EN LA PR\u00c1CTICA PROFESIONAL DOCENTE<\/strong><\/span><\/p>\n<p><span style=\"font-size: 8pt;\">29.-\u00a0 Practica Profesional Docente III<\/span><\/p>\n<p><span style=\"font-size: 8pt;\">\u00a0<\/span><\/p>\n<p><span style=\"font-size: 8pt; background-color: #ff9900;\"><strong>4to A\u00d1O: CAMPO FORMACI\u00d2N GENERAL<\/strong><\/span><\/p>\n<p><span style=\"font-size: 8pt;\">30.- Derechos Humanos; \u00e9tica y ciudadania<\/span><\/p>\n<p><span style=\"font-size: 8pt;\">31.- Educaci\u00f3n sexual integral <\/span><\/p>\n<p><span style=\"font-size: 8pt;\"><strong>CAMPO FORMACI\u00d3N ESPEC\u00cdFICA<\/strong><\/span><\/p>\n<p><span style=\"font-size: 8pt;\">32.- Lenguaje Musical IV<\/span><\/p>\n<p><span style=\"font-size: 8pt;\">33.- Instrumentos IV<\/span><\/p>\n<p><span style=\"font-size: 8pt;\">34.- Est\u00e9tica y Cr\u00edtica de la M\u00fasica<\/span><\/p>\n<p><span style=\"font-size: 8pt;\">35.- Puesta en escena<\/span><\/p>\n<p><span style=\"font-size: 8pt;\">36.- Unidad de definici\u00f3n Institucional<\/span><\/p>\n<p><span style=\"font-size: 8pt;\">\u00a0<\/span><\/p>\n<p><span style=\"font-size: 8pt;\"><strong>CAMPO DE LA FORMACI\u00d2N EN LA PR\u00c1CTICA PROFESIONAL DOCENTE<\/strong><\/span><\/p>\n<p><span style=\"font-size: 8pt;\">37.-\u00a0 Practica Profesional Docente IV<\/span><\/p>\n<p><span style=\"font-size: 8pt;\">\u00a0<\/span><\/p>\n<p><span style=\"font-size: 8pt;\">\u00a0<\/span><\/p>\n<p><span style=\"font-size: 8pt;\">\u00a0<\/span><\/p>\n<p><span style=\"font-size: 8pt;\">\u00a0<\/span><\/p>\n","protected":false},"excerpt":{"rendered":"<p>NUEVO DISE\u00d1O CURRICULAR: PROFESORADO DE M\u00d9SICA CON ORIENTACI\u00d2N MUSICAL: ESTRUCTURA CURRICULAR POR CAMPO Y POR A\u00d1O DISE\u00d1O CURRICULAR 2017 1ER. A\u00d1O: CAMPO FORMACI\u00d2N GENERAL 1.- Pedagog\u00eda 2.- Oralidad Lectura Escritura y TIC 3.- Psicolog\u00eda Educacional 4.- Corporeidad, juego, lenguajes art\u00edsticos CAMPO FORMACI\u00d3N ESPEC\u00cdFICA 5.-Lenguaje Musical 6.- Instrumentos 7.- Canto colectivo 8.- Historia social de la &#8230; <a title=\"Plan de estudios\" class=\"read-more\" href=\"https:\/\/proartes-ers.infd.edu.ar\/sitio\/plan-de-estudios-3\/\" aria-label=\"More on Plan de estudios\">[+]<\/a><\/p>\n","protected":false},"author":382,"featured_media":0,"parent":0,"menu_order":0,"comment_status":"closed","ping_status":"closed","template":"","meta":[],"acf":[],"_links":{"self":[{"href":"https:\/\/proartes-ers.infd.edu.ar\/sitio\/wp-json\/wp\/v2\/pages\/957"}],"collection":[{"href":"https:\/\/proartes-ers.infd.edu.ar\/sitio\/wp-json\/wp\/v2\/pages"}],"about":[{"href":"https:\/\/proartes-ers.infd.edu.ar\/sitio\/wp-json\/wp\/v2\/types\/page"}],"author":[{"embeddable":true,"href":"https:\/\/proartes-ers.infd.edu.ar\/sitio\/wp-json\/wp\/v2\/users\/382"}],"replies":[{"embeddable":true,"href":"https:\/\/proartes-ers.infd.edu.ar\/sitio\/wp-json\/wp\/v2\/comments?post=957"}],"version-history":[{"count":2,"href":"https:\/\/proartes-ers.infd.edu.ar\/sitio\/wp-json\/wp\/v2\/pages\/957\/revisions"}],"predecessor-version":[{"id":4346,"href":"https:\/\/proartes-ers.infd.edu.ar\/sitio\/wp-json\/wp\/v2\/pages\/957\/revisions\/4346"}],"wp:attachment":[{"href":"https:\/\/proartes-ers.infd.edu.ar\/sitio\/wp-json\/wp\/v2\/media?parent=957"}],"curies":[{"name":"wp","href":"https:\/\/api.w.org\/{rel}","templated":true}]}}