{"id":959,"date":"2018-08-30T13:54:31","date_gmt":"2018-08-30T16:54:31","guid":{"rendered":"https:\/\/proartes-ers.infd.edu.ar\/sitio\/equipo-de-conduccion\/"},"modified":"2024-02-28T19:19:58","modified_gmt":"2024-02-28T22:19:58","slug":"equipo-de-conduccion","status":"publish","type":"page","link":"https:\/\/proartes-ers.infd.edu.ar\/sitio\/equipo-de-conduccion\/","title":{"rendered":"Equipo de Conducci\u00f3n"},"content":{"rendered":"<p><span style=\"font-family: book antiqua,palatino; font-size: 12pt;\">Es el \u00f3rgano de conducci\u00f3n institucional desde la gesti\u00f3n curricular hasta de la administrativa. <\/span><span style=\"font-family: book antiqua,palatino; font-size: 12pt;\">Promueve la construcci\u00f3n colaborativa del Proyecto Institucional por parte de todos los actores institucionales, promueve las acciones del Consejo Directivo y cumplimenta las acciones de pol\u00edtica educativa de car\u00e1cter nacional o provincial. <\/span><span style=\"font-family: book antiqua,palatino; font-size: 12pt;\">Las Instancias de participaci\u00f3n Institucional se formalizan a partir de:<\/span><\/p>\n<ul>\n<li><span style=\"font-family: book antiqua,palatino; font-size: 12pt;\">Consejo Directivo<\/span><\/li>\n<li><span style=\"font-family: book antiqua,palatino; font-size: 12pt;\">Equipos docentes<\/span><\/li>\n<li><span style=\"font-family: book antiqua,palatino; font-size: 12pt;\">Equipo Administrativo.\u00a0\u00a0<\/span><\/li>\n<\/ul>\n<p><span style=\"font-family: book antiqua,palatino; font-size: 12pt;\">En la actualidad se cuenta con delegados estudiantiles por curso, elegidos democr\u00e1ticamente por sus compa\u00f1eros, que canalizan las inquietudes a los Docentes, Directivos y Consejo Directivo.<\/span><\/p>\n<table style=\"width: 474px; height: 213px;\" border=\"0\" cellspacing=\"0\" cellpadding=\"0\">\n<colgroup>\n<col width=\"362\" \/>\n<col width=\"217\" \/> <\/colgroup>\n<tbody>\n<tr>\n<td class=\"xl65\" width=\"362\" height=\"25\"><span style=\"font-family: book antiqua,palatino; font-size: 14pt;\">Rector<br \/>\n<\/span><\/td>\n<td class=\"xl66\" width=\"217\"><span style=\"font-family: book antiqua,palatino; font-size: 14pt;\">Dr. GARCIA, Diego<\/span><\/td>\n<\/tr>\n<tr>\n<td class=\"xl65\" style=\"text-align: left;\" height=\"25\"><span style=\"font-family: book antiqua,palatino; font-size: 14pt;\">Vicerrectora<\/span><\/td>\n<td class=\"xl66\"><span style=\"font-family: book antiqua,palatino; font-size: 14pt;\">Lic. TRABICHET, Daniela<\/span><\/td>\n<\/tr>\n<tr>\n<td class=\"xl65\" height=\"25\"><span style=\"font-family: book antiqua,palatino; font-size: 14pt;\">Secretaria Administrativa<\/span><\/p>\n<p><span style=\"font-family: book antiqua,palatino; font-size: 14pt;\">Secretaria Acad\u00e9mica<\/span><\/td>\n<td class=\"xl66\"><span style=\"font-family: book antiqua,palatino; font-size: 14pt;\">Prof. CERBINO, Edith<\/span><\/p>\n<p><span style=\"font-family: book antiqua,palatino; font-size: 14pt;\">Prof. ABDALA, Gabriela<\/span><\/td>\n<\/tr>\n<\/tbody>\n<\/table>\n","protected":false},"excerpt":{"rendered":"<p>Es el \u00f3rgano de conducci\u00f3n institucional desde la gesti\u00f3n curricular hasta de la administrativa. Promueve la construcci\u00f3n colaborativa del Proyecto Institucional por parte de todos los actores institucionales, promueve las acciones del Consejo Directivo y cumplimenta las acciones de pol\u00edtica educativa de car\u00e1cter nacional o provincial. Las Instancias de participaci\u00f3n Institucional se formalizan a partir &#8230; <a title=\"Equipo de Conducci\u00f3n\" class=\"read-more\" href=\"https:\/\/proartes-ers.infd.edu.ar\/sitio\/equipo-de-conduccion\/\" aria-label=\"More on Equipo de Conducci\u00f3n\">[+]<\/a><\/p>\n","protected":false},"author":382,"featured_media":0,"parent":0,"menu_order":0,"comment_status":"closed","ping_status":"closed","template":"","meta":[],"acf":[],"_links":{"self":[{"href":"https:\/\/proartes-ers.infd.edu.ar\/sitio\/wp-json\/wp\/v2\/pages\/959"}],"collection":[{"href":"https:\/\/proartes-ers.infd.edu.ar\/sitio\/wp-json\/wp\/v2\/pages"}],"about":[{"href":"https:\/\/proartes-ers.infd.edu.ar\/sitio\/wp-json\/wp\/v2\/types\/page"}],"author":[{"embeddable":true,"href":"https:\/\/proartes-ers.infd.edu.ar\/sitio\/wp-json\/wp\/v2\/users\/382"}],"replies":[{"embeddable":true,"href":"https:\/\/proartes-ers.infd.edu.ar\/sitio\/wp-json\/wp\/v2\/comments?post=959"}],"version-history":[{"count":10,"href":"https:\/\/proartes-ers.infd.edu.ar\/sitio\/wp-json\/wp\/v2\/pages\/959\/revisions"}],"predecessor-version":[{"id":4242,"href":"https:\/\/proartes-ers.infd.edu.ar\/sitio\/wp-json\/wp\/v2\/pages\/959\/revisions\/4242"}],"wp:attachment":[{"href":"https:\/\/proartes-ers.infd.edu.ar\/sitio\/wp-json\/wp\/v2\/media?parent=959"}],"curies":[{"name":"wp","href":"https:\/\/api.w.org\/{rel}","templated":true}]}}