{"id":978,"date":"2018-08-30T13:54:40","date_gmt":"2018-08-30T16:54:40","guid":{"rendered":"https:\/\/proartes-ers.infd.edu.ar\/sitio\/coordinacion\/"},"modified":"2020-02-19T11:25:41","modified_gmt":"2020-02-19T14:25:41","slug":"coordinacion","status":"publish","type":"page","link":"https:\/\/proartes-ers.infd.edu.ar\/sitio\/coordinacion\/","title":{"rendered":"Coordinaci\u00f3n"},"content":{"rendered":"<p><span style=\"font-family: book antiqua,palatino; font-size: 12pt;\"><strong style=\"font-size: 12pt; text-align: justify;\">Coordinador del \u00c1rea de Pr\u00e1cticas Docentes:<\/strong><\/span><\/p>\n<ul>\n<li style=\"text-align: justify;\"><span style=\"font-family: book antiqua,palatino; font-size: 12pt;\">Elaborar el Acuerdo Marco Institucional de Pr\u00e1cticas \u00a0y los acuerdos de vinculaci\u00f3n con las Escuelas Asociadas<\/span><\/li>\n<li style=\"text-align: justify;\"><span style=\"font-family: book antiqua,palatino; font-size: 12pt;\">Presentar ante el Equipo Directivo y el Consejo Directivo el Proyecto de Vinculaci\u00f3n y Formaci\u00f3n para que sea aprobado y elevado en t\u00e9rmino.<\/span><\/li>\n<li style=\"text-align: justify;\"><span style=\"font-family: book antiqua,palatino; font-size: 12pt;\">Generar en los espacios de taller la contenci\u00f3n necesaria a los grupos de alumnos, garantizando d\u00edas y horarios de consultor\u00eda.<\/span><\/li>\n<li style=\"text-align: justify;\"><span style=\"font-family: book antiqua,palatino; font-size: 12pt;\">Generar espacios de comunicaci\u00f3n con los docentes del \u00c1rea de las Pr\u00e1cticas Docentes I-II-III-IV, entendiendo el espacio como transversal a la formaci\u00f3n.<\/span><\/li>\n<li style=\"text-align: justify;\"><span style=\"font-family: book antiqua,palatino; font-size: 12pt;\">Realizar visitas a las escuelas y a los practicantes\/residentes para evaluar las acciones en el marco de Proyecto de Vinculaci\u00f3n.<\/span><\/li>\n<li style=\"text-align: justify;\"><span style=\"font-family: book antiqua,palatino; font-size: 12pt;\">Dirigir acciones para repensar el espacio Pr\u00e1ctica y las propias pr\u00e1cticas docentes de los docentes a cargo.<\/span><\/li>\n<\/ul>\n<table style=\"width: 592px; height: 69px;\" border=\"0\" cellspacing=\"0\" cellpadding=\"0\">\n<colgroup>\n<col width=\"362\" \/>\n<col width=\"217\" \/> <\/colgroup>\n<tbody>\n<tr>\n<td class=\"xl65\" width=\"362\" height=\"25\"><span style=\"font-family: book antiqua,palatino; font-size: 12pt;\">Coordinador de Pr\u00e1cticas Docentes<\/span><\/td>\n<td class=\"xl66\" width=\"217\"><span style=\"font-family: book antiqua,palatino; font-size: 12pt;\">Prof. Lic. Aguirre Gabriela<br \/>\n<\/span><\/td>\n<\/tr>\n<tr>\n<td class=\"xl65\" height=\"25\"><span style=\"font-family: book antiqua,palatino; font-size: 12pt;\">\u00a0<\/span><\/td>\n<td class=\"xl66\"><span style=\"font-family: book antiqua,palatino; font-size: 12pt;\">\u00a0<\/span><\/td>\n<\/tr>\n<\/tbody>\n<\/table>\n","protected":false},"excerpt":{"rendered":"<p>Coordinador del \u00c1rea de Pr\u00e1cticas Docentes: Elaborar el Acuerdo Marco Institucional de Pr\u00e1cticas \u00a0y los acuerdos de vinculaci\u00f3n con las Escuelas Asociadas Presentar ante el Equipo Directivo y el Consejo Directivo el Proyecto de Vinculaci\u00f3n y Formaci\u00f3n para que sea aprobado y elevado en t\u00e9rmino. Generar en los espacios de taller la contenci\u00f3n necesaria a &#8230; <a title=\"Coordinaci\u00f3n\" class=\"read-more\" href=\"https:\/\/proartes-ers.infd.edu.ar\/sitio\/coordinacion\/\" aria-label=\"More on Coordinaci\u00f3n\">[+]<\/a><\/p>\n","protected":false},"author":382,"featured_media":0,"parent":0,"menu_order":0,"comment_status":"closed","ping_status":"closed","template":"","meta":[],"acf":[],"_links":{"self":[{"href":"https:\/\/proartes-ers.infd.edu.ar\/sitio\/wp-json\/wp\/v2\/pages\/978"}],"collection":[{"href":"https:\/\/proartes-ers.infd.edu.ar\/sitio\/wp-json\/wp\/v2\/pages"}],"about":[{"href":"https:\/\/proartes-ers.infd.edu.ar\/sitio\/wp-json\/wp\/v2\/types\/page"}],"author":[{"embeddable":true,"href":"https:\/\/proartes-ers.infd.edu.ar\/sitio\/wp-json\/wp\/v2\/users\/382"}],"replies":[{"embeddable":true,"href":"https:\/\/proartes-ers.infd.edu.ar\/sitio\/wp-json\/wp\/v2\/comments?post=978"}],"version-history":[{"count":2,"href":"https:\/\/proartes-ers.infd.edu.ar\/sitio\/wp-json\/wp\/v2\/pages\/978\/revisions"}],"predecessor-version":[{"id":1376,"href":"https:\/\/proartes-ers.infd.edu.ar\/sitio\/wp-json\/wp\/v2\/pages\/978\/revisions\/1376"}],"wp:attachment":[{"href":"https:\/\/proartes-ers.infd.edu.ar\/sitio\/wp-json\/wp\/v2\/media?parent=978"}],"curies":[{"name":"wp","href":"https:\/\/api.w.org\/{rel}","templated":true}]}}