{"id":980,"date":"2018-08-30T13:54:41","date_gmt":"2018-08-30T16:54:41","guid":{"rendered":"https:\/\/proartes-ers.infd.edu.ar\/sitio\/requisitos-de-ingreso\/"},"modified":"2025-10-01T20:10:14","modified_gmt":"2025-10-01T23:10:14","slug":"requisitos-de-ingreso","status":"publish","type":"page","link":"https:\/\/proartes-ers.infd.edu.ar\/sitio\/requisitos-de-ingreso\/","title":{"rendered":"Requisitos de Ingreso 2026 ( EN PREPARACI\u00d3N)"},"content":{"rendered":"<ul>\n<li style=\"list-style-type: none;\">\n<ul>\n<li><span style=\"font-family: 'book antiqua', palatino; font-size: 12pt;\"><strong>Certificado<\/strong> <strong>de Estudios Secundario<\/strong> (Original y fotocopia autenticada por el establecimiento que lo expidi\u00f3). Si el certificado se encuentra en tr\u00e1mite presentar constancia de t\u00edtulo en tr\u00e1mite (<strong>o constancia de alumno regular<\/strong>)&nbsp;<\/span><\/li>\n<li><span style=\"font-family: 'book antiqua', palatino; font-size: 12pt;\"><strong>Fotocopia del Anverso y Reverso<\/strong> del Documento Nacional de Identidad (D.N.I.) <\/span><\/li>\n<li><strong><span style=\"font-family: 'book antiqua', palatino; font-size: 12pt;\" data-mce-mark=\"1\">Fotocopia de partida de nacimiento actualizada<\/span><\/strong><\/li>\n<li><span style=\"font-family: 'book antiqua', palatino; font-size: 12pt;\"><strong>Certificado de buena salud, bucodental y grupo sangu\u00edneo<\/strong>. Los certificados deben ser expedidos por un organismo oficial.<\/span><\/li>\n<li><strong><span style=\"font-family: 'book antiqua', palatino; font-size: 12pt;\">2 fotos 4 x 4<\/span><\/strong><\/li>\n<li><strong><span style=\"font-family: 'book antiqua', palatino; font-size: 12pt;\">Copia del CUD (Certificado \u00danico de Discapacidad) en caso que corresponda.<\/span><\/strong><\/li>\n<li><span style=\"font-family: 'book antiqua', palatino; font-size: 12pt;\" data-mce-mark=\"1\"><strong>Una carpeta<\/strong> para legajo personal (&nbsp; <strong>tipo 3 solapas<\/strong> para ambos Profesorados, <strong>Artes Visuales<\/strong> y &nbsp;<strong>Artes Musicales<\/strong>)<\/span><\/li>\n<\/ul>\n<\/li>\n<\/ul>\n<h4 style=\"text-align: left;\"><strong style=\"font-family: 'book antiqua', palatino; font-size: 12pt;\">&nbsp; &nbsp; &nbsp; &nbsp; &nbsp; &nbsp; &nbsp; &nbsp; &nbsp;<\/strong><\/h4>\n<h4 style=\"text-align: left;\"><strong style=\"font-family: 'book antiqua', palatino; font-size: 12pt;\">Para el<span style=\"font-family: 'book antiqua', palatino; font-size: 12pt;\"> Profesorado de Artes en M\u00fasica<\/span> debes poseer conocimientos elementales en lenguajes musicales:<\/strong><\/h4>\n<h5 style=\"text-align: left;\">&nbsp; &nbsp; &nbsp; &nbsp; &nbsp; &nbsp; &nbsp; &nbsp; &nbsp; &nbsp; &nbsp; &nbsp; &nbsp; &nbsp; &nbsp; &nbsp; &nbsp; &nbsp; &nbsp; &nbsp; &nbsp;(NO EXCLUYENTE)<\/h5>\n<ul>\n<li style=\"list-style-type: none;\">\n<ul>\n<li style=\"list-style-type: none;\">\n<ul>\n<li><span style=\"font-family: 'book antiqua', palatino; font-size: 12pt;\"><strong>Lectura de<\/strong> pentagrama, Clave de Sol, Clave de Fa sonidos, figuras, digitaci\u00f3n b\u00e1sica, escalas.<\/span><\/li>\n<li><span style=\"font-family: 'book antiqua', palatino; font-size: 12pt;\"><strong>Conocimientos elementales en instrumentos<\/strong>: Piano o Guitarra (t\u00e9cnica, postura y ubicaci\u00f3n).<\/span><\/li>\n<li><span style=\"font-family: 'book antiqua', palatino; font-size: 12pt;\"><strong>Poseer experiencia<\/strong> de canto individual y\/o coral.<\/span><\/li>\n<li><strong><span style=\"font-family: 'book antiqua', palatino; font-size: 12pt;\">Entonar motivos mel\u00f3dicos en escalas de Do.<\/span><\/strong><\/li>\n<li><strong><span style=\"font-family: 'book antiqua', palatino; font-size: 12pt;\">Informe &nbsp;Otorrinolaringol\u00f3gico<\/span><\/strong><\/li>\n<li><strong><span style=\"font-family: 'book antiqua', palatino; font-size: 12pt;\">Informe Foni\u00e1trico.<\/span><\/strong><\/li>\n<li><strong><span style=\"font-family: 'book antiqua', palatino; font-size: 12pt;\">Informe Audim\u00e9trico.&nbsp;<\/span><\/strong><\/li>\n<\/ul>\n<\/li>\n<\/ul>\n<\/li>\n<\/ul>\n<p style=\"text-align: center;\"><strong><span style=\"font-family: 'book antiqua', palatino; font-size: medium;\"><br \/>\n<\/span><span style=\"font-family: 'book antiqua', palatino; font-size: 14pt;\">Todos los informes deben ser expedidos por un organismo oficial.<\/span><\/strong><\/p>\n","protected":false},"excerpt":{"rendered":"<p>Certificado de Estudios Secundario (Original y fotocopia autenticada por el establecimiento que lo expidi\u00f3). Si el certificado se encuentra en tr\u00e1mite presentar constancia de t\u00edtulo en tr\u00e1mite (o constancia de alumno regular)&nbsp; Fotocopia del Anverso y Reverso del Documento Nacional de Identidad (D.N.I.) Fotocopia de partida de nacimiento actualizada Certificado de buena salud, bucodental y &#8230; <a title=\"Requisitos de Ingreso 2026 ( EN PREPARACI\u00d3N)\" class=\"read-more\" href=\"https:\/\/proartes-ers.infd.edu.ar\/sitio\/requisitos-de-ingreso\/\" aria-label=\"More on Requisitos de Ingreso 2026 ( EN PREPARACI\u00d3N)\">[+]<\/a><\/p>\n","protected":false},"author":382,"featured_media":0,"parent":0,"menu_order":0,"comment_status":"closed","ping_status":"closed","template":"","meta":[],"acf":[],"_links":{"self":[{"href":"https:\/\/proartes-ers.infd.edu.ar\/sitio\/wp-json\/wp\/v2\/pages\/980"}],"collection":[{"href":"https:\/\/proartes-ers.infd.edu.ar\/sitio\/wp-json\/wp\/v2\/pages"}],"about":[{"href":"https:\/\/proartes-ers.infd.edu.ar\/sitio\/wp-json\/wp\/v2\/types\/page"}],"author":[{"embeddable":true,"href":"https:\/\/proartes-ers.infd.edu.ar\/sitio\/wp-json\/wp\/v2\/users\/382"}],"replies":[{"embeddable":true,"href":"https:\/\/proartes-ers.infd.edu.ar\/sitio\/wp-json\/wp\/v2\/comments?post=980"}],"version-history":[{"count":9,"href":"https:\/\/proartes-ers.infd.edu.ar\/sitio\/wp-json\/wp\/v2\/pages\/980\/revisions"}],"predecessor-version":[{"id":4612,"href":"https:\/\/proartes-ers.infd.edu.ar\/sitio\/wp-json\/wp\/v2\/pages\/980\/revisions\/4612"}],"wp:attachment":[{"href":"https:\/\/proartes-ers.infd.edu.ar\/sitio\/wp-json\/wp\/v2\/media?parent=980"}],"curies":[{"name":"wp","href":"https:\/\/api.w.org\/{rel}","templated":true}]}}