{"id":986,"date":"2018-08-30T13:54:43","date_gmt":"2018-08-30T16:54:43","guid":{"rendered":"https:\/\/proartes-ers.infd.edu.ar\/sitio\/mesas-de-examen\/"},"modified":"2025-12-21T08:02:15","modified_gmt":"2025-12-21T11:02:15","slug":"mesas-de-examen","status":"publish","type":"page","link":"https:\/\/proartes-ers.infd.edu.ar\/sitio\/informacion-para-alumnos\/inscripcion-on-line-mesa-de-examen\/mesas-de-examen\/","title":{"rendered":"&#x1f4dd; Mesas de Examen \u2013 Febrero-Marzo 2026"},"content":{"rendered":"<h1><\/h1>\n<h1 style=\"text-align: center;\"><strong><span style=\"color: #0000ff;\">Turno de Ex\u00e1menes 2026<\/span><\/strong><\/h1>\n<h2 style=\"text-align: center;\"><span style=\"color: #800080; font-family: 'book antiqua', palatino, serif; font-size: 14pt;\">Para consultar las fechas y horarios , acced\u00e9 al enlace correspondiente seg\u00fan tu carrera:<\/span><\/h2>\n<table class=\" aligncenter\" style=\"width: 567px; height: 202px;\" border=\"0\">\n<tbody>\n<tr>\n<td style=\"width: 136px;\">\n<h2><strong><span style=\"color: #000000;\"><img decoding=\"async\" loading=\"lazy\" class=\"alignnone size-full wp-image-3247\" src=\"https:\/\/proartes-ers.infd.edu.ar\/sitio\/wp-content\/uploads\/2021\/12\/Notas-Penta-2.jpg\" alt=\"\" width=\"257\" height=\"196\" \/><\/span><\/strong><\/h2>\n<\/td>\n<td style=\"width: 315.083px; text-align: center;\">\n<h2><strong><span style=\"color: #000000;\"><!--StartFragment --><\/span><\/strong><\/h2>\n<h3><span style=\"color: #000000;\">Profesorado de Artes Musicales<\/span><\/h3>\n<h4><em>&#x1f449; <a href=\"https:\/\/proartes-ers.infd.edu.ar\/sitio\/wp-content\/uploads\/2025\/12\/PROFESORADO-DE-MUSICA-Febrero-2026.pdf\">Ver Mesas de Examen<\/a><\/em><\/h4>\n<\/td>\n<\/tr>\n<\/tbody>\n<\/table>\n<h2 style=\"text-align: center;\"><\/h2>\n<table class=\" aligncenter\" style=\"width: 578px; height: 203px;\" border=\"0\">\n<tbody>\n<tr>\n<td style=\"width: 141.108px; text-align: center;\">\n<h2><img decoding=\"async\" loading=\"lazy\" class=\"aligncenter wp-image-3243\" src=\"https:\/\/proartes-ers.infd.edu.ar\/sitio\/wp-content\/uploads\/2021\/12\/images-arte.jpg\" alt=\"\" width=\"224\" height=\"126\" \/><\/h2>\n<\/td>\n<td style=\"width: 313.892px;\">\n<h3 style=\"text-align: center;\"><strong><span style=\"color: #000000;\">Profesorado de Artes Visuales\u00a0<\/span><\/strong><\/h3>\n<h4 style=\"text-align: center;\"><em><span style=\"color: #0000ff;\"><strong>&#x1f449;<a href=\"https:\/\/proartes-ers.infd.edu.ar\/sitio\/wp-content\/uploads\/2025\/12\/PROFESORADO-DE-ARTES-VISUALES-FEBRERO-2026.pdf\">Ver Mesas de Examen<\/a>\u00a0<\/strong><\/span><\/em><\/h4>\n<\/td>\n<\/tr>\n<\/tbody>\n<\/table>\n","protected":false},"excerpt":{"rendered":"<p>Turno de Ex\u00e1menes 2026 Para consultar las fechas y horarios , acced\u00e9 al enlace correspondiente seg\u00fan tu carrera: Profesorado de Artes Musicales &#x1f449; Ver Mesas de Examen Profesorado de Artes Visuales\u00a0 &#x1f449;Ver Mesas de Examen\u00a0<\/p>\n","protected":false},"author":382,"featured_media":0,"parent":1011,"menu_order":0,"comment_status":"closed","ping_status":"closed","template":"","meta":[],"acf":[],"_links":{"self":[{"href":"https:\/\/proartes-ers.infd.edu.ar\/sitio\/wp-json\/wp\/v2\/pages\/986"}],"collection":[{"href":"https:\/\/proartes-ers.infd.edu.ar\/sitio\/wp-json\/wp\/v2\/pages"}],"about":[{"href":"https:\/\/proartes-ers.infd.edu.ar\/sitio\/wp-json\/wp\/v2\/types\/page"}],"author":[{"embeddable":true,"href":"https:\/\/proartes-ers.infd.edu.ar\/sitio\/wp-json\/wp\/v2\/users\/382"}],"replies":[{"embeddable":true,"href":"https:\/\/proartes-ers.infd.edu.ar\/sitio\/wp-json\/wp\/v2\/comments?post=986"}],"version-history":[{"count":139,"href":"https:\/\/proartes-ers.infd.edu.ar\/sitio\/wp-json\/wp\/v2\/pages\/986\/revisions"}],"predecessor-version":[{"id":4699,"href":"https:\/\/proartes-ers.infd.edu.ar\/sitio\/wp-json\/wp\/v2\/pages\/986\/revisions\/4699"}],"up":[{"embeddable":true,"href":"https:\/\/proartes-ers.infd.edu.ar\/sitio\/wp-json\/wp\/v2\/pages\/1011"}],"wp:attachment":[{"href":"https:\/\/proartes-ers.infd.edu.ar\/sitio\/wp-json\/wp\/v2\/media?parent=986"}],"curies":[{"name":"wp","href":"https:\/\/api.w.org\/{rel}","templated":true}]}}