{"id":988,"date":"2018-08-30T13:54:43","date_gmt":"2018-08-30T16:54:43","guid":{"rendered":"https:\/\/proartes-ers.infd.edu.ar\/sitio\/solicitud-de-usuario\/"},"modified":"2025-02-12T19:27:56","modified_gmt":"2025-02-12T22:27:56","slug":"solicitud-de-usuario","status":"publish","type":"page","link":"https:\/\/proartes-ers.infd.edu.ar\/sitio\/solicitud-de-usuario\/","title":{"rendered":"Formulario de Equivalencia"},"content":{"rendered":"\n<p><strong>Solicitud de Equivalencias seg\u00fan Res. 0249\/24 CGE art.55: del 17\/02 al 25\/03<\/strong><\/p>\n\n\n\n<p>&nbsp;<strong>Requisitos para solicitar equivalencias:<\/strong><\/p>\n\n\n\n<ul>\n<li>Respetar correlatividades<\/li>\n\n\n\n<li>El espacio curricular debi\u00f3 ser acreditado dentro de los 10 a\u00f1os anteriores a la fecha de la presentaci\u00f3n de la misma.<\/li>\n<\/ul>\n\n\n\n<p><strong>Tr\u00e1mite:<\/strong><\/p>\n\n\n\n<p>El alumno deber\u00e1 completar la planilla de equivalencia y presentar:<\/p>\n\n\n\n<ul>\n<li>Formulario de solicitud de equivalencia por unidad curricular DIGITAL (Anexo II) ante Rector\u00eda\/Secretar\u00eda Acad\u00e9mica o Referente Acad\u00e9mico\/Secretaria Administrativa.<\/li>\n\n\n\n<li>Anal\u00edtico del plan de estudios correspondiente a la carrera cursada y aprobada, debidamente certificado por la instituci\u00f3n de origen.<\/li>\n\n\n\n<li>Copia\/s certificadas del o lo\/s proyecto\/s de c\u00e1tedra de la\/s unidad\/es curricular\/es que se considera equivalente<\/li>\n<\/ul>\n\n\n\n<p><strong>Traer un folio para cada materia conteniendo:<\/strong><\/p>\n\n\n\n<ul>\n<li>Planilla\/s del pedido de equivalencia&nbsp;<strong>Descargar aqu\u00ed<\/strong><\/li>\n\n\n\n<li><a href=\"https:\/\/proartes-ers.infd.edu.ar\/sitio\/wp-content\/uploads\/2025\/02\/Res-0249_0001.pdf\">Formulario-0249<\/a><\/li>\n<\/ul>\n","protected":false},"excerpt":{"rendered":"<p>Solicitud de Equivalencias seg\u00fan Res. 0249\/24 CGE art.55: del 17\/02 al 25\/03 &nbsp;Requisitos para solicitar equivalencias: Tr\u00e1mite: El alumno deber\u00e1 completar la planilla de equivalencia y presentar: Traer un folio para cada materia conteniendo:<\/p>\n","protected":false},"author":382,"featured_media":0,"parent":0,"menu_order":0,"comment_status":"closed","ping_status":"closed","template":"","meta":[],"acf":[],"_links":{"self":[{"href":"https:\/\/proartes-ers.infd.edu.ar\/sitio\/wp-json\/wp\/v2\/pages\/988"}],"collection":[{"href":"https:\/\/proartes-ers.infd.edu.ar\/sitio\/wp-json\/wp\/v2\/pages"}],"about":[{"href":"https:\/\/proartes-ers.infd.edu.ar\/sitio\/wp-json\/wp\/v2\/types\/page"}],"author":[{"embeddable":true,"href":"https:\/\/proartes-ers.infd.edu.ar\/sitio\/wp-json\/wp\/v2\/users\/382"}],"replies":[{"embeddable":true,"href":"https:\/\/proartes-ers.infd.edu.ar\/sitio\/wp-json\/wp\/v2\/comments?post=988"}],"version-history":[{"count":8,"href":"https:\/\/proartes-ers.infd.edu.ar\/sitio\/wp-json\/wp\/v2\/pages\/988\/revisions"}],"predecessor-version":[{"id":4566,"href":"https:\/\/proartes-ers.infd.edu.ar\/sitio\/wp-json\/wp\/v2\/pages\/988\/revisions\/4566"}],"wp:attachment":[{"href":"https:\/\/proartes-ers.infd.edu.ar\/sitio\/wp-json\/wp\/v2\/media?parent=988"}],"curies":[{"name":"wp","href":"https:\/\/api.w.org\/{rel}","templated":true}]}}