{"id":999,"date":"2018-08-30T13:54:47","date_gmt":"2018-08-30T16:54:47","guid":{"rendered":"https:\/\/proartes-ers.infd.edu.ar\/sitio\/normativas\/"},"modified":"2026-02-24T19:40:27","modified_gmt":"2026-02-24T22:40:27","slug":"normativas","status":"publish","type":"page","link":"https:\/\/proartes-ers.infd.edu.ar\/sitio\/normativas\/","title":{"rendered":"Normativas"},"content":{"rendered":"<p style=\"text-align: center;\"><span style=\"font-family: 'book antiqua', palatino; font-size: 12pt;\"><span style=\"font-family: 'book antiqua', palatino; font-size: 12pt;\"><span style=\"font-family: 'book antiqua', palatino; font-size: 12pt;\"><span style=\"font-family: 'book antiqua', palatino; font-size: 12pt;\"><span style=\"font-family: 'book antiqua', palatino; font-size: 12pt;\"><a href=\"https:\/\/drive.google.com\/file\/d\/0B6laWOJ41ho3NjFudUwzR1lHZTQ\/view?usp=sharing\">&#x1f518; RESOLUCI\u00d3N 0655\/15 CGE:<\/a><\/span><\/span><\/span><\/span><span style=\"font-family: 'book antiqua', palatino; font-size: 12pt;\"><span style=\"font-family: 'book antiqua', palatino; font-size: 12pt;\"> &#x1f518;\u00a0<\/span><\/span><\/span><\/p>\n<p style=\"text-align: center;\">&#x2b06;&#xfe0f;&#x2b06;&#xfe0f;&#x2b06;&#xfe0f;<\/p>\n<h5 style=\"text-align: center;\"><span style=\"font-family: 'book antiqua', palatino; font-size: 12pt;\"><span style=\"font-family: 'book antiqua', palatino; font-size: 12pt;\"><span style=\"font-family: 'book antiqua', palatino; font-size: 12pt;\">Amplia los alcances del R\u00e9gimen Ac\u00e1demico Marco, en los Institutos de Educaci\u00f3n Superior de Gesti\u00f3n Estatal y de Gesti\u00f3n Privada.\u00a0\u00a0<\/span><\/span><\/span><\/h5>\n","protected":false},"excerpt":{"rendered":"<p>&#x1f518; RESOLUCI\u00d3N 0655\/15 CGE: &#x1f518;\u00a0 &#x2b06;&#xfe0f;&#x2b06;&#xfe0f;&#x2b06;&#xfe0f; Amplia los alcances del R\u00e9gimen Ac\u00e1demico Marco, en los Institutos de Educaci\u00f3n Superior de Gesti\u00f3n Estatal y de Gesti\u00f3n Privada.\u00a0\u00a0<\/p>\n","protected":false},"author":382,"featured_media":0,"parent":0,"menu_order":0,"comment_status":"closed","ping_status":"closed","template":"","meta":[],"acf":[],"_links":{"self":[{"href":"https:\/\/proartes-ers.infd.edu.ar\/sitio\/wp-json\/wp\/v2\/pages\/999"}],"collection":[{"href":"https:\/\/proartes-ers.infd.edu.ar\/sitio\/wp-json\/wp\/v2\/pages"}],"about":[{"href":"https:\/\/proartes-ers.infd.edu.ar\/sitio\/wp-json\/wp\/v2\/types\/page"}],"author":[{"embeddable":true,"href":"https:\/\/proartes-ers.infd.edu.ar\/sitio\/wp-json\/wp\/v2\/users\/382"}],"replies":[{"embeddable":true,"href":"https:\/\/proartes-ers.infd.edu.ar\/sitio\/wp-json\/wp\/v2\/comments?post=999"}],"version-history":[{"count":2,"href":"https:\/\/proartes-ers.infd.edu.ar\/sitio\/wp-json\/wp\/v2\/pages\/999\/revisions"}],"predecessor-version":[{"id":4735,"href":"https:\/\/proartes-ers.infd.edu.ar\/sitio\/wp-json\/wp\/v2\/pages\/999\/revisions\/4735"}],"wp:attachment":[{"href":"https:\/\/proartes-ers.infd.edu.ar\/sitio\/wp-json\/wp\/v2\/media?parent=999"}],"curies":[{"name":"wp","href":"https:\/\/api.w.org\/{rel}","templated":true}]}}